{"id":990,"date":"2021-01-20T18:01:17","date_gmt":"2021-01-20T18:01:17","guid":{"rendered":"https:\/\/cafecreativ.ch\/?post_type=product&#038;p=990"},"modified":"2025-11-13T17:05:12","modified_gmt":"2025-11-13T17:05:12","slug":"mini-glasflaeschchen-mit-korken","status":"publish","type":"product","link":"https:\/\/cafecreativ.ch\/?product=mini-glasflaeschchen-mit-korken","title":{"rendered":"Mini-Glasfl\u00e4schchen mit Korken"},"content":{"rendered":"<p>Wundersch\u00f6nes Fl\u00e4schchen mit Korken.<br \/>\nKlarglas, ideal zum bearbeiten und verzieren.<br \/>\nPasst in den kleinsten Setzkasten.<br \/>\nAuch als Schmuckanh\u00e4ngerchen sehr gut geeignet!<\/p>\n","protected":false},"excerpt":{"rendered":"<p>1 St\u00fcck<br \/>\nleer<\/p>\n","protected":false},"featured_media":991,"template":"","meta":[],"product_brand":[],"product_cat":[97],"product_tag":[493,307,526,527,576],"class_list":{"0":"post-990","1":"product","2":"type-product","3":"status-publish","4":"has-post-thumbnail","6":"product_cat-glasflaeschchen","7":"product_tag-altered-art","8":"product_tag-dekoration","9":"product_tag-glasflaeschchen","10":"product_tag-halloween","11":"product_tag-schmuck","12":"product_shipping_class-pauschal","14":"first","15":"instock","16":"shipping-taxable","17":"purchasable","18":"product-type-simple"},"_links":{"self":[{"href":"https:\/\/cafecreativ.ch\/index.php?rest_route=\/wp\/v2\/product\/990","targetHints":{"allow":["GET"]}}],"collection":[{"href":"https:\/\/cafecreativ.ch\/index.php?rest_route=\/wp\/v2\/product"}],"about":[{"href":"https:\/\/cafecreativ.ch\/index.php?rest_route=\/wp\/v2\/types\/product"}],"wp:featuredmedia":[{"embeddable":true,"href":"https:\/\/cafecreativ.ch\/index.php?rest_route=\/wp\/v2\/media\/991"}],"wp:attachment":[{"href":"https:\/\/cafecreativ.ch\/index.php?rest_route=%2Fwp%2Fv2%2Fmedia&parent=990"}],"wp:term":[{"taxonomy":"product_brand","embeddable":true,"href":"https:\/\/cafecreativ.ch\/index.php?rest_route=%2Fwp%2Fv2%2Fproduct_brand&post=990"},{"taxonomy":"product_cat","embeddable":true,"href":"https:\/\/cafecreativ.ch\/index.php?rest_route=%2Fwp%2Fv2%2Fproduct_cat&post=990"},{"taxonomy":"product_tag","embeddable":true,"href":"https:\/\/cafecreativ.ch\/index.php?rest_route=%2Fwp%2Fv2%2Fproduct_tag&post=990"}],"curies":[{"name":"wp","href":"https:\/\/api.w.org\/{rel}","templated":true}]}}