{"id":922,"date":"2021-01-18T19:56:11","date_gmt":"2021-01-18T19:56:11","guid":{"rendered":"https:\/\/cafecreativ.ch\/?post_type=product&#038;p=922"},"modified":"2025-11-13T15:42:01","modified_gmt":"2025-11-13T15:42:01","slug":"cerantica-pink","status":"publish","type":"product","link":"https:\/\/cafecreativ.ch\/?product=cerantica-pink","title":{"rendered":"Cerantica Pink"},"content":{"rendered":"<p>OMG!<br \/>\nAnders ist es kaum einigermassen realistisch formulierbar.<br \/>\nDas Cerantica Antikwachs ist extrem kuhl!<br \/>\nEinmal aufgetragen ist es nicht mehr abwachbar.<br \/>\nDie mit Cerantica Antikwachs behandelte Oberfl\u00e4che f\u00fchlt sich enorm angenehm an, die Farben sind schimmernd und einfach nur sch\u00f6n!<br \/>\nUnd es riecht total frisch, irgendwie zitronig.<\/p>\n<p>Jedenfalls ist es ein Erlebnis, das erste mal damit zu arbeiten.<br \/>\nUnd das zweite mal.<br \/>\nUnd das zweihundertf\u00fcnfzigste mal <img decoding=\"async\" src=\"https:\/\/cafecreativ.ch\/wp-content\/uploads\/images\/smilies\/cafecreativsmilie_18.gif\" \/><\/p>\n<p>Bitte mit Handschuhen arbeiten oder sehr sehr gut aufpassen.<br \/>\nCerantica Antikwachs ist L\u00f6sungsmittelhaltig.<\/p>\n<p>Reliefs kommen megagut zur Geltung.<br \/>\nIch habe zum rasch austesten gepr\u00e4gtes Papier mit dem Antikwachs behandelt, die Resultate siehst Du in der Produktegalerie.<br \/>\nFaszinierend, nicht?<br \/>\nBin komplett begeistert!<\/p>\n<p>P.S.: Pink ist hier nicht gleich knallig-woooow-Pink. Es ist eher die amerikanische Variante von Pink, was bei uns eher Richtung (Alt-) Rosa geht.<br \/>\nDas Antikwachs ist auch in dieser Farbe einfach hammersch\u00f6n, ausser man erwartet etwas neonfarbiges <img decoding=\"async\" src=\"https:\/\/cafecreativ.ch\/wp-content\/uploads\/images\/smilies\/cafecreativsmilie_69.gif\" \/><\/p>\n","protected":false},"excerpt":{"rendered":"<p>Cerantica Ancient Wachs von Stamperia<br \/>\n2oml<br \/>\nAuf L\u00f6sungsmittelbasis<\/p>\n","protected":false},"featured_media":906,"template":"","meta":[],"product_brand":[],"product_cat":[57],"product_tag":[493,561,214,186,562,143,563,560],"class_list":{"0":"post-922","1":"product","2":"type-product","3":"status-publish","4":"has-post-thumbnail","6":"product_cat-antikwachs","7":"product_tag-altered-art","8":"product_tag-cerantica","9":"product_tag-gilding-wax","10":"product_tag-mixed-media","11":"product_tag-oberflaechenveredelung","12":"product_tag-pink","13":"product_tag-rosa","14":"product_tag-vergolden","15":"product_shipping_class-pauschal","17":"first","18":"instock","19":"shipping-taxable","20":"purchasable","21":"product-type-simple"},"_links":{"self":[{"href":"https:\/\/cafecreativ.ch\/index.php?rest_route=\/wp\/v2\/product\/922","targetHints":{"allow":["GET"]}}],"collection":[{"href":"https:\/\/cafecreativ.ch\/index.php?rest_route=\/wp\/v2\/product"}],"about":[{"href":"https:\/\/cafecreativ.ch\/index.php?rest_route=\/wp\/v2\/types\/product"}],"wp:featuredmedia":[{"embeddable":true,"href":"https:\/\/cafecreativ.ch\/index.php?rest_route=\/wp\/v2\/media\/906"}],"wp:attachment":[{"href":"https:\/\/cafecreativ.ch\/index.php?rest_route=%2Fwp%2Fv2%2Fmedia&parent=922"}],"wp:term":[{"taxonomy":"product_brand","embeddable":true,"href":"https:\/\/cafecreativ.ch\/index.php?rest_route=%2Fwp%2Fv2%2Fproduct_brand&post=922"},{"taxonomy":"product_cat","embeddable":true,"href":"https:\/\/cafecreativ.ch\/index.php?rest_route=%2Fwp%2Fv2%2Fproduct_cat&post=922"},{"taxonomy":"product_tag","embeddable":true,"href":"https:\/\/cafecreativ.ch\/index.php?rest_route=%2Fwp%2Fv2%2Fproduct_tag&post=922"}],"curies":[{"name":"wp","href":"https:\/\/api.w.org\/{rel}","templated":true}]}}