{"id":921,"date":"2021-01-18T19:53:05","date_gmt":"2021-01-18T19:53:05","guid":{"rendered":"https:\/\/cafecreativ.ch\/?post_type=product&#038;p=921"},"modified":"2025-11-13T15:42:13","modified_gmt":"2025-11-13T15:42:13","slug":"cerantica-tuerkis","status":"publish","type":"product","link":"https:\/\/cafecreativ.ch\/?product=cerantica-tuerkis","title":{"rendered":"Cerantica T\u00fcrkis"},"content":{"rendered":"<p>OMG!<br \/>\nAnders ist es kaum einigermassen realistisch formulierbar.<br \/>\nDas Cerantica Antikwachs ist extrem kuhl!<br \/>\nEinmal aufgetragen ist es nicht mehr abwachbar.<br \/>\nDie mit Cerantica Antikwachs behandelte Oberfl\u00e4che f\u00fchlt sich enorm angenehm an, die Farben sind schimmernd und einfach nur sch\u00f6n!<br \/>\nUnd es riecht total frisch, irgendwie zitronig.<\/p>\n<p>Jedenfalls ist es ein Erlebnis, das erste mal damit zu arbeiten.<br \/>\nUnd das zweite mal.<br \/>\nUnd das zweihundertf\u00fcnfzigste mal <img decoding=\"async\" src=\"https:\/\/cafecreativ.ch\/wp-content\/uploads\/images\/smilies\/cafecreativsmilie_18.gif\" \/><\/p>\n<p>Bitte mit Handschuhen arbeiten oder sehr sehr gut aufpassen.<br \/>\nCerantica Antikwachs ist L\u00f6sungsmittelhaltig.<\/p>\n<p>Reliefs kommen megagut zur Geltung.<br \/>\nIch habe zum rasch austesten gepr\u00e4gtes Papier mit dem Antikwachs behandelt, die Resultate siehst Du in der Produktegalerie.<br \/>\nFaszinierend, nicht?<br \/>\nBin komplett begeistert!<\/p>\n","protected":false},"excerpt":{"rendered":"<p>Cerantica Ancient Wachs von Stamperia<br \/>\n2oml<br \/>\nAuf L\u00f6sungsmittelbasis<\/p>\n","protected":false},"featured_media":912,"template":"","meta":[],"product_brand":[],"product_cat":[57],"product_tag":[493,561,214,186,562,222,560],"class_list":{"0":"post-921","1":"product","2":"type-product","3":"status-publish","4":"has-post-thumbnail","6":"product_cat-antikwachs","7":"product_tag-altered-art","8":"product_tag-cerantica","9":"product_tag-gilding-wax","10":"product_tag-mixed-media","11":"product_tag-oberflaechenveredelung","12":"product_tag-tuerkis","13":"product_tag-vergolden","14":"product_shipping_class-pauschal","16":"first","17":"instock","18":"shipping-taxable","19":"purchasable","20":"product-type-simple"},"_links":{"self":[{"href":"https:\/\/cafecreativ.ch\/index.php?rest_route=\/wp\/v2\/product\/921","targetHints":{"allow":["GET"]}}],"collection":[{"href":"https:\/\/cafecreativ.ch\/index.php?rest_route=\/wp\/v2\/product"}],"about":[{"href":"https:\/\/cafecreativ.ch\/index.php?rest_route=\/wp\/v2\/types\/product"}],"wp:featuredmedia":[{"embeddable":true,"href":"https:\/\/cafecreativ.ch\/index.php?rest_route=\/wp\/v2\/media\/912"}],"wp:attachment":[{"href":"https:\/\/cafecreativ.ch\/index.php?rest_route=%2Fwp%2Fv2%2Fmedia&parent=921"}],"wp:term":[{"taxonomy":"product_brand","embeddable":true,"href":"https:\/\/cafecreativ.ch\/index.php?rest_route=%2Fwp%2Fv2%2Fproduct_brand&post=921"},{"taxonomy":"product_cat","embeddable":true,"href":"https:\/\/cafecreativ.ch\/index.php?rest_route=%2Fwp%2Fv2%2Fproduct_cat&post=921"},{"taxonomy":"product_tag","embeddable":true,"href":"https:\/\/cafecreativ.ch\/index.php?rest_route=%2Fwp%2Fv2%2Fproduct_tag&post=921"}],"curies":[{"name":"wp","href":"https:\/\/api.w.org\/{rel}","templated":true}]}}