{"id":894,"date":"2021-01-16T09:58:33","date_gmt":"2021-01-16T09:58:33","guid":{"rendered":"https:\/\/cafecreativ.ch\/?post_type=product&#038;p=894"},"modified":"2025-12-04T16:54:16","modified_gmt":"2025-12-04T16:54:16","slug":"verzierwachs-schwarz","status":"publish","type":"product","link":"https:\/\/cafecreativ.ch\/?product=verzierwachs-schwarz","title":{"rendered":"Verzierwachs Schwarz"},"content":{"rendered":"<p>Geschmeidige, hauchd\u00fcnne Wachsfolie zum Verzieren von Kerzen, Tischkarten usw.<br \/>\nH\u00e4lt ohne zu kleben allein durch die W\u00e4rme der H\u00e4nde.<\/p>\n","protected":false},"excerpt":{"rendered":"<p>200x100mm<br \/>\n1 St\u00fcck<\/p>\n","protected":false},"featured_media":888,"template":"","meta":[],"product_brand":[],"product_cat":[79],"product_tag":[549,551,138,265],"class_list":{"0":"post-894","1":"product","2":"type-product","3":"status-publish","4":"has-post-thumbnail","6":"product_cat-verzierungen","7":"product_tag-kerzen-ziehen","8":"product_tag-kerzenwachs","9":"product_tag-schwarz","10":"product_tag-verzierung","11":"product_shipping_class-pauschal","13":"first","14":"instock","15":"shipping-taxable","16":"purchasable","17":"product-type-simple"},"_links":{"self":[{"href":"https:\/\/cafecreativ.ch\/index.php?rest_route=\/wp\/v2\/product\/894","targetHints":{"allow":["GET"]}}],"collection":[{"href":"https:\/\/cafecreativ.ch\/index.php?rest_route=\/wp\/v2\/product"}],"about":[{"href":"https:\/\/cafecreativ.ch\/index.php?rest_route=\/wp\/v2\/types\/product"}],"wp:featuredmedia":[{"embeddable":true,"href":"https:\/\/cafecreativ.ch\/index.php?rest_route=\/wp\/v2\/media\/888"}],"wp:attachment":[{"href":"https:\/\/cafecreativ.ch\/index.php?rest_route=%2Fwp%2Fv2%2Fmedia&parent=894"}],"wp:term":[{"taxonomy":"product_brand","embeddable":true,"href":"https:\/\/cafecreativ.ch\/index.php?rest_route=%2Fwp%2Fv2%2Fproduct_brand&post=894"},{"taxonomy":"product_cat","embeddable":true,"href":"https:\/\/cafecreativ.ch\/index.php?rest_route=%2Fwp%2Fv2%2Fproduct_cat&post=894"},{"taxonomy":"product_tag","embeddable":true,"href":"https:\/\/cafecreativ.ch\/index.php?rest_route=%2Fwp%2Fv2%2Fproduct_tag&post=894"}],"curies":[{"name":"wp","href":"https:\/\/api.w.org\/{rel}","templated":true}]}}