{"id":891,"date":"2021-01-16T09:56:11","date_gmt":"2021-01-16T09:56:11","guid":{"rendered":"https:\/\/cafecreativ.ch\/?post_type=product&#038;p=891"},"modified":"2025-12-04T16:58:09","modified_gmt":"2025-12-04T16:58:09","slug":"verzierwachs-weinrot","status":"publish","type":"product","link":"https:\/\/cafecreativ.ch\/?product=verzierwachs-weinrot","title":{"rendered":"Verzierwachs Weinrot"},"content":{"rendered":"<p>Geschmeidige, hauchd\u00fcnne Wachsfolie zum Verzieren von Kerzen, Tischkarten usw.<br \/>\nH\u00e4lt ohne zu kleben allein durch die W\u00e4rme der H\u00e4nde.<\/p>\n","protected":false},"excerpt":{"rendered":"<p>200x100mm<br \/>\n1 St\u00fcck<\/p>\n","protected":false},"featured_media":890,"template":"","meta":[],"product_brand":[],"product_cat":[79],"product_tag":[558,549,551,144,265,557],"class_list":{"0":"post-891","1":"product","2":"type-product","3":"status-publish","4":"has-post-thumbnail","6":"product_cat-verzierungen","7":"product_tag-bordeau","8":"product_tag-kerzen-ziehen","9":"product_tag-kerzenwachs","10":"product_tag-rot","11":"product_tag-verzierung","12":"product_tag-weinrot","13":"product_shipping_class-pauschal","15":"first","16":"instock","17":"shipping-taxable","18":"purchasable","19":"product-type-simple"},"_links":{"self":[{"href":"https:\/\/cafecreativ.ch\/index.php?rest_route=\/wp\/v2\/product\/891","targetHints":{"allow":["GET"]}}],"collection":[{"href":"https:\/\/cafecreativ.ch\/index.php?rest_route=\/wp\/v2\/product"}],"about":[{"href":"https:\/\/cafecreativ.ch\/index.php?rest_route=\/wp\/v2\/types\/product"}],"wp:featuredmedia":[{"embeddable":true,"href":"https:\/\/cafecreativ.ch\/index.php?rest_route=\/wp\/v2\/media\/890"}],"wp:attachment":[{"href":"https:\/\/cafecreativ.ch\/index.php?rest_route=%2Fwp%2Fv2%2Fmedia&parent=891"}],"wp:term":[{"taxonomy":"product_brand","embeddable":true,"href":"https:\/\/cafecreativ.ch\/index.php?rest_route=%2Fwp%2Fv2%2Fproduct_brand&post=891"},{"taxonomy":"product_cat","embeddable":true,"href":"https:\/\/cafecreativ.ch\/index.php?rest_route=%2Fwp%2Fv2%2Fproduct_cat&post=891"},{"taxonomy":"product_tag","embeddable":true,"href":"https:\/\/cafecreativ.ch\/index.php?rest_route=%2Fwp%2Fv2%2Fproduct_tag&post=891"}],"curies":[{"name":"wp","href":"https:\/\/api.w.org\/{rel}","templated":true}]}}