{"id":821,"date":"2021-01-16T05:39:31","date_gmt":"2021-01-16T05:39:31","guid":{"rendered":"https:\/\/cafecreativ.ch\/?post_type=product&#038;p=821"},"modified":"2025-11-14T14:05:41","modified_gmt":"2025-11-14T14:05:41","slug":"bilderrahmen-aufhaenger-40mm","status":"publish","type":"product","link":"https:\/\/cafecreativ.ch\/?product=bilderrahmen-aufhaenger-40mm","title":{"rendered":"Bilderrahmen Aufh\u00e4nger 40mm"},"content":{"rendered":"<p>Klein,unscheinbar und dennoch sehr \u00e4rgerlich, wenn man&#8217;s nicht hat aber br\u00e4uchte.<\/p>\n","protected":false},"excerpt":{"rendered":"<p>40mm<br \/>\ngoldfarben<br \/>\n2 St\u00fcck<br \/>\nInkl. 4 Schrauben<\/p>\n","protected":false},"featured_media":822,"template":"","meta":[],"product_brand":[],"product_cat":[312,269],"product_tag":[546,496],"class_list":{"0":"post-821","1":"product","2":"type-product","3":"status-publish","4":"has-post-thumbnail","6":"product_cat-deko","7":"product_cat-mixedmedia","8":"product_tag-kleinwichtig","9":"product_tag-zubehoer","10":"product_shipping_class-pauschal","12":"first","13":"instock","14":"shipping-taxable","15":"purchasable","16":"product-type-simple"},"_links":{"self":[{"href":"https:\/\/cafecreativ.ch\/index.php?rest_route=\/wp\/v2\/product\/821","targetHints":{"allow":["GET"]}}],"collection":[{"href":"https:\/\/cafecreativ.ch\/index.php?rest_route=\/wp\/v2\/product"}],"about":[{"href":"https:\/\/cafecreativ.ch\/index.php?rest_route=\/wp\/v2\/types\/product"}],"wp:featuredmedia":[{"embeddable":true,"href":"https:\/\/cafecreativ.ch\/index.php?rest_route=\/wp\/v2\/media\/822"}],"wp:attachment":[{"href":"https:\/\/cafecreativ.ch\/index.php?rest_route=%2Fwp%2Fv2%2Fmedia&parent=821"}],"wp:term":[{"taxonomy":"product_brand","embeddable":true,"href":"https:\/\/cafecreativ.ch\/index.php?rest_route=%2Fwp%2Fv2%2Fproduct_brand&post=821"},{"taxonomy":"product_cat","embeddable":true,"href":"https:\/\/cafecreativ.ch\/index.php?rest_route=%2Fwp%2Fv2%2Fproduct_cat&post=821"},{"taxonomy":"product_tag","embeddable":true,"href":"https:\/\/cafecreativ.ch\/index.php?rest_route=%2Fwp%2Fv2%2Fproduct_tag&post=821"}],"curies":[{"name":"wp","href":"https:\/\/api.w.org\/{rel}","templated":true}]}}