{"id":810,"date":"2021-01-15T22:17:24","date_gmt":"2021-01-15T22:17:24","guid":{"rendered":"https:\/\/cafecreativ.ch\/?post_type=product&#038;p=810"},"modified":"2025-12-07T15:36:23","modified_gmt":"2025-12-07T15:36:23","slug":"plastiform-elfenbeinfarben-200g","status":"publish","type":"product","link":"https:\/\/cafecreativ.ch\/?product=plastiform-elfenbeinfarben-200g","title":{"rendered":"Plastiform, elfenbeinfarben, 200g"},"content":{"rendered":"<p>Plastiform ist eine pulverf\u00f6rmige Modelliermasse, welche<br \/>\nmit Wasser (1:1) zu einem Teig anger\u00fchrt wird und dann gebrauchsfertig ist. Plastiform ist eine auf nat\u00fcrlicher Basis (Holz und Cellulose) hergestellte, holz\u00e4hnliche Modelliermasse.<br \/>\nDie ausgeh\u00e4rteten Modelle k\u00f6nnen wie Holz nachbearbeitet und bemalt werden. Wird bevorzugt im Werkunterricht zur Herstellung<br \/>\nvon Marionettenk\u00f6pfen, Skulpturen usw. verwendet.<\/p>\n","protected":false},"excerpt":{"rendered":"<p>Plastiform<br \/>\nBeutel<br \/>\n200g<\/p>\n","protected":false},"featured_media":811,"template":"","meta":[],"product_brand":[],"product_cat":[37],"product_tag":[228,537,240,541],"class_list":{"0":"post-810","1":"product","2":"type-product","3":"status-publish","4":"has-post-thumbnail","6":"product_cat-giessmassen","7":"product_tag-giessen","8":"product_tag-gips","9":"product_tag-holz","10":"product_tag-pappmache","11":"product_shipping_class-pauschal","13":"first","14":"instock","15":"shipping-taxable","16":"purchasable","17":"product-type-simple"},"_links":{"self":[{"href":"https:\/\/cafecreativ.ch\/index.php?rest_route=\/wp\/v2\/product\/810","targetHints":{"allow":["GET"]}}],"collection":[{"href":"https:\/\/cafecreativ.ch\/index.php?rest_route=\/wp\/v2\/product"}],"about":[{"href":"https:\/\/cafecreativ.ch\/index.php?rest_route=\/wp\/v2\/types\/product"}],"wp:featuredmedia":[{"embeddable":true,"href":"https:\/\/cafecreativ.ch\/index.php?rest_route=\/wp\/v2\/media\/811"}],"wp:attachment":[{"href":"https:\/\/cafecreativ.ch\/index.php?rest_route=%2Fwp%2Fv2%2Fmedia&parent=810"}],"wp:term":[{"taxonomy":"product_brand","embeddable":true,"href":"https:\/\/cafecreativ.ch\/index.php?rest_route=%2Fwp%2Fv2%2Fproduct_brand&post=810"},{"taxonomy":"product_cat","embeddable":true,"href":"https:\/\/cafecreativ.ch\/index.php?rest_route=%2Fwp%2Fv2%2Fproduct_cat&post=810"},{"taxonomy":"product_tag","embeddable":true,"href":"https:\/\/cafecreativ.ch\/index.php?rest_route=%2Fwp%2Fv2%2Fproduct_tag&post=810"}],"curies":[{"name":"wp","href":"https:\/\/api.w.org\/{rel}","templated":true}]}}