{"id":794,"date":"2021-01-15T14:37:57","date_gmt":"2021-01-15T14:37:57","guid":{"rendered":"https:\/\/cafecreativ.ch\/?post_type=product&#038;p=794"},"modified":"2025-11-21T15:18:04","modified_gmt":"2025-11-21T15:18:04","slug":"glasflaeschchen-rund-mit-korken-3","status":"publish","type":"product","link":"https:\/\/cafecreativ.ch\/?product=glasflaeschchen-rund-mit-korken-3","title":{"rendered":"3-er Set Glasfl\u00e4schchen 7ml, rund mit Korken"},"content":{"rendered":"<p>Wundersch\u00f6nes Fl\u00e4schchen mit Korken.<br \/>\nKlarglas, ideal zum bearbeiten und verzieren.<\/p>\n","protected":false},"excerpt":{"rendered":"<p>7ml<br \/>\n4,5x2cm<br \/>\n3 St\u00fcck<br \/>\nleer<\/p>\n","protected":false},"featured_media":795,"template":"","meta":[],"product_brand":[],"product_cat":[97],"product_tag":[493,307,526,527],"class_list":{"0":"post-794","1":"product","2":"type-product","3":"status-publish","4":"has-post-thumbnail","6":"product_cat-glasflaeschchen","7":"product_tag-altered-art","8":"product_tag-dekoration","9":"product_tag-glasflaeschchen","10":"product_tag-halloween","11":"product_shipping_class-pauschal","13":"first","14":"instock","15":"shipping-taxable","16":"purchasable","17":"product-type-simple"},"_links":{"self":[{"href":"https:\/\/cafecreativ.ch\/index.php?rest_route=\/wp\/v2\/product\/794","targetHints":{"allow":["GET"]}}],"collection":[{"href":"https:\/\/cafecreativ.ch\/index.php?rest_route=\/wp\/v2\/product"}],"about":[{"href":"https:\/\/cafecreativ.ch\/index.php?rest_route=\/wp\/v2\/types\/product"}],"wp:featuredmedia":[{"embeddable":true,"href":"https:\/\/cafecreativ.ch\/index.php?rest_route=\/wp\/v2\/media\/795"}],"wp:attachment":[{"href":"https:\/\/cafecreativ.ch\/index.php?rest_route=%2Fwp%2Fv2%2Fmedia&parent=794"}],"wp:term":[{"taxonomy":"product_brand","embeddable":true,"href":"https:\/\/cafecreativ.ch\/index.php?rest_route=%2Fwp%2Fv2%2Fproduct_brand&post=794"},{"taxonomy":"product_cat","embeddable":true,"href":"https:\/\/cafecreativ.ch\/index.php?rest_route=%2Fwp%2Fv2%2Fproduct_cat&post=794"},{"taxonomy":"product_tag","embeddable":true,"href":"https:\/\/cafecreativ.ch\/index.php?rest_route=%2Fwp%2Fv2%2Fproduct_tag&post=794"}],"curies":[{"name":"wp","href":"https:\/\/api.w.org\/{rel}","templated":true}]}}