{"id":790,"date":"2021-01-15T14:30:32","date_gmt":"2021-01-15T14:30:32","guid":{"rendered":"https:\/\/cafecreativ.ch\/?post_type=product&#038;p=790"},"modified":"2025-11-30T11:25:26","modified_gmt":"2025-11-30T11:25:26","slug":"buegelflaeschchen-konisch-40ml","status":"publish","type":"product","link":"https:\/\/cafecreativ.ch\/?product=buegelflaeschchen-konisch-40ml","title":{"rendered":"B\u00fcgelfl\u00e4schchen konisch, 40ml"},"content":{"rendered":"<p>Wie fr\u00fcher <img decoding=\"async\" src=\"https:\/\/cafecreativ.ch\/wp-content\/uploads\/images\/smilies\/cafecreativsmilie_42.gif\" \/><\/p>\n<p>B\u00fcgelflasche aus Klarglas.<br \/>\nHoch, konisch, schlank und elegant.<\/p>\n","protected":false},"excerpt":{"rendered":"<p>40 ml<br \/>\n19cm<br \/>\n1 St\u00fcck<br \/>\nleer<\/p>\n","protected":false},"featured_media":791,"template":"","meta":[],"product_brand":[],"product_cat":[97],"product_tag":[493,307,526,527,529,530,528],"class_list":{"0":"post-790","1":"product","2":"type-product","3":"status-publish","4":"has-post-thumbnail","6":"product_cat-glasflaeschchen","7":"product_tag-altered-art","8":"product_tag-dekoration","9":"product_tag-glasflaeschchen","10":"product_tag-halloween","11":"product_tag-likoer","12":"product_tag-liqueur","13":"product_tag-schnaps","14":"product_shipping_class-pauschal","16":"first","17":"instock","18":"shipping-taxable","19":"purchasable","20":"product-type-simple"},"_links":{"self":[{"href":"https:\/\/cafecreativ.ch\/index.php?rest_route=\/wp\/v2\/product\/790","targetHints":{"allow":["GET"]}}],"collection":[{"href":"https:\/\/cafecreativ.ch\/index.php?rest_route=\/wp\/v2\/product"}],"about":[{"href":"https:\/\/cafecreativ.ch\/index.php?rest_route=\/wp\/v2\/types\/product"}],"wp:featuredmedia":[{"embeddable":true,"href":"https:\/\/cafecreativ.ch\/index.php?rest_route=\/wp\/v2\/media\/791"}],"wp:attachment":[{"href":"https:\/\/cafecreativ.ch\/index.php?rest_route=%2Fwp%2Fv2%2Fmedia&parent=790"}],"wp:term":[{"taxonomy":"product_brand","embeddable":true,"href":"https:\/\/cafecreativ.ch\/index.php?rest_route=%2Fwp%2Fv2%2Fproduct_brand&post=790"},{"taxonomy":"product_cat","embeddable":true,"href":"https:\/\/cafecreativ.ch\/index.php?rest_route=%2Fwp%2Fv2%2Fproduct_cat&post=790"},{"taxonomy":"product_tag","embeddable":true,"href":"https:\/\/cafecreativ.ch\/index.php?rest_route=%2Fwp%2Fv2%2Fproduct_tag&post=790"}],"curies":[{"name":"wp","href":"https:\/\/api.w.org\/{rel}","templated":true}]}}