{"id":541,"date":"2021-01-12T08:30:17","date_gmt":"2021-01-12T08:30:17","guid":{"rendered":"https:\/\/cafecreativ.ch\/?post_type=product&#038;p=541"},"modified":"2025-11-10T05:05:05","modified_gmt":"2025-11-10T05:05:05","slug":"bierbauch-gipsabdruck","status":"publish","type":"product","link":"https:\/\/cafecreativ.ch\/?product=bierbauch-gipsabdruck","title":{"rendered":"Bierbauch Gipsabdruck"},"content":{"rendered":"<p>F\u00fcr alle Freunde des guten Geschmacks (Proooossssssttt!!!)!<br \/>\nF\u00fcr werdende V\u00e4ter, f\u00fcr V\u00e4ter, f\u00fcr Kinderlose.<br \/>\nF\u00fcr einen sexy Bierbauch und f\u00fcr ein strammes Sixpack &#8211; mit diesem Komplettset liegt man niemals falsch!<\/p>\n","protected":false},"excerpt":{"rendered":"<p>Komplettset f\u00fcr einen wundervollen Gipsabdruck.<br \/>\nBier ist leider nicht mit dabei.<br \/>\nSorry.<br \/>\nInhalt:<br \/>\nGipsbandagen, Vaseline, Handschuhe und eine Anleitung.<\/p>\n","protected":false},"featured_media":542,"template":"","meta":[],"product_brand":[],"product_cat":[468,467],"product_tag":[469,126,149,470],"class_list":{"0":"post-541","1":"product","2":"type-product","3":"status-publish","4":"has-post-thumbnail","6":"product_cat-abformen","7":"product_cat-frech-und-lustig","8":"product_tag-bierbauch","9":"product_tag-geschenkidee","10":"product_tag-mitbringsel","11":"product_tag-scherzartikel","12":"product_shipping_class-pauschal","14":"first","15":"instock","16":"shipping-taxable","17":"purchasable","18":"product-type-simple"},"_links":{"self":[{"href":"https:\/\/cafecreativ.ch\/index.php?rest_route=\/wp\/v2\/product\/541","targetHints":{"allow":["GET"]}}],"collection":[{"href":"https:\/\/cafecreativ.ch\/index.php?rest_route=\/wp\/v2\/product"}],"about":[{"href":"https:\/\/cafecreativ.ch\/index.php?rest_route=\/wp\/v2\/types\/product"}],"wp:featuredmedia":[{"embeddable":true,"href":"https:\/\/cafecreativ.ch\/index.php?rest_route=\/wp\/v2\/media\/542"}],"wp:attachment":[{"href":"https:\/\/cafecreativ.ch\/index.php?rest_route=%2Fwp%2Fv2%2Fmedia&parent=541"}],"wp:term":[{"taxonomy":"product_brand","embeddable":true,"href":"https:\/\/cafecreativ.ch\/index.php?rest_route=%2Fwp%2Fv2%2Fproduct_brand&post=541"},{"taxonomy":"product_cat","embeddable":true,"href":"https:\/\/cafecreativ.ch\/index.php?rest_route=%2Fwp%2Fv2%2Fproduct_cat&post=541"},{"taxonomy":"product_tag","embeddable":true,"href":"https:\/\/cafecreativ.ch\/index.php?rest_route=%2Fwp%2Fv2%2Fproduct_tag&post=541"}],"curies":[{"name":"wp","href":"https:\/\/api.w.org\/{rel}","templated":true}]}}