{"id":517,"date":"2021-01-11T20:24:43","date_gmt":"2021-01-11T20:24:43","guid":{"rendered":"https:\/\/cafecreativ.ch\/?post_type=product&#038;p=517"},"modified":"2025-11-09T13:20:07","modified_gmt":"2025-11-09T13:20:07","slug":"spezial-oel","status":"publish","type":"product","link":"https:\/\/cafecreativ.ch\/?product=spezial-oel","title":{"rendered":"Spezial-\u00d6l f\u00fcr Seifenflocken"},"content":{"rendered":"<p>Spezial-\u00d6l f\u00fcr Seifenflocken<\/p>\n","protected":false},"excerpt":{"rendered":"<p>Spezial-\u00d6l<br \/>\nSeifenflocken<br \/>\n20ml<\/p>\n","protected":false},"featured_media":754,"template":"","meta":[],"product_brand":[],"product_cat":[78,392,80,77],"product_tag":[405,416,330,335,444],"class_list":{"0":"post-517","1":"product","2":"type-product","3":"status-publish","4":"has-post-thumbnail","6":"product_cat-pflegezusaetze","7":"product_cat-seife-modelliermassen","8":"product_cat-zubehoer-seifen-giessen","9":"product_cat-weisse-seifenmasse","10":"product_tag-kosmetik","11":"product_tag-parfum","12":"product_tag-seife","13":"product_tag-seifesieden","14":"product_tag-zusaetze","15":"product_shipping_class-pauschal","17":"first","18":"instock","19":"shipping-taxable","20":"purchasable","21":"product-type-simple"},"_links":{"self":[{"href":"https:\/\/cafecreativ.ch\/index.php?rest_route=\/wp\/v2\/product\/517","targetHints":{"allow":["GET"]}}],"collection":[{"href":"https:\/\/cafecreativ.ch\/index.php?rest_route=\/wp\/v2\/product"}],"about":[{"href":"https:\/\/cafecreativ.ch\/index.php?rest_route=\/wp\/v2\/types\/product"}],"wp:featuredmedia":[{"embeddable":true,"href":"https:\/\/cafecreativ.ch\/index.php?rest_route=\/wp\/v2\/media\/754"}],"wp:attachment":[{"href":"https:\/\/cafecreativ.ch\/index.php?rest_route=%2Fwp%2Fv2%2Fmedia&parent=517"}],"wp:term":[{"taxonomy":"product_brand","embeddable":true,"href":"https:\/\/cafecreativ.ch\/index.php?rest_route=%2Fwp%2Fv2%2Fproduct_brand&post=517"},{"taxonomy":"product_cat","embeddable":true,"href":"https:\/\/cafecreativ.ch\/index.php?rest_route=%2Fwp%2Fv2%2Fproduct_cat&post=517"},{"taxonomy":"product_tag","embeddable":true,"href":"https:\/\/cafecreativ.ch\/index.php?rest_route=%2Fwp%2Fv2%2Fproduct_tag&post=517"}],"curies":[{"name":"wp","href":"https:\/\/api.w.org\/{rel}","templated":true}]}}