{"id":3845,"date":"2025-12-07T15:44:25","date_gmt":"2025-12-07T15:44:25","guid":{"rendered":"https:\/\/cafecreativ.ch\/?post_type=product&#038;p=3845"},"modified":"2025-12-07T16:03:09","modified_gmt":"2025-12-07T16:03:09","slug":"keramin-s-1kg","status":"publish","type":"product","link":"https:\/\/cafecreativ.ch\/?product=keramin-s-1kg","title":{"rendered":"Keramin-S 1kg"},"content":{"rendered":"<p>Figurengiessmasse, lufttrocknend<\/p>\n<p>Keramin-S ist ein extra hartes, hydrophobiertes Keramikpulver, witterungsbest\u00e4ndig und besonders f\u00fcr die Herstellung von Figuren und Reliefs &#8211; auch f\u00fcr den Aussenbereich &#8211; geeignet.<br \/>\nKeramin-S ist ein synthetisches Keramikpulver, das durch vermischen mit Wasser innerhalb weniger Minuten speziell hart aush\u00e4rtet.<br \/>\nKeramin-S zeichnet sich durch seine besonderen Merkmale aus:<br \/>\nBestechende Abformgenauigkeit<br \/>\nSchnelle und gleichm\u00e4ssige Aush\u00e4rtung<br \/>\nSehr harte, kratzfeste Oberfl\u00e4che<br \/>\nf\u00fcr Aussenbereich geeignet (hydrophobiert)<\/p>\n<p>&nbsp;<\/p>\n","protected":false},"excerpt":{"rendered":"<p>1kg<\/p>\n","protected":false},"featured_media":3846,"template":"","meta":[],"product_brand":[],"product_cat":[37],"product_tag":[538,228,537],"class_list":{"0":"post-3845","1":"product","2":"type-product","3":"status-publish","4":"has-post-thumbnail","6":"product_cat-giessmassen","7":"product_tag-beton","8":"product_tag-giessen","9":"product_tag-gips","10":"product_shipping_class-pauschal","12":"first","13":"instock","14":"shipping-taxable","15":"purchasable","16":"product-type-simple"},"_links":{"self":[{"href":"https:\/\/cafecreativ.ch\/index.php?rest_route=\/wp\/v2\/product\/3845","targetHints":{"allow":["GET"]}}],"collection":[{"href":"https:\/\/cafecreativ.ch\/index.php?rest_route=\/wp\/v2\/product"}],"about":[{"href":"https:\/\/cafecreativ.ch\/index.php?rest_route=\/wp\/v2\/types\/product"}],"wp:featuredmedia":[{"embeddable":true,"href":"https:\/\/cafecreativ.ch\/index.php?rest_route=\/wp\/v2\/media\/3846"}],"wp:attachment":[{"href":"https:\/\/cafecreativ.ch\/index.php?rest_route=%2Fwp%2Fv2%2Fmedia&parent=3845"}],"wp:term":[{"taxonomy":"product_brand","embeddable":true,"href":"https:\/\/cafecreativ.ch\/index.php?rest_route=%2Fwp%2Fv2%2Fproduct_brand&post=3845"},{"taxonomy":"product_cat","embeddable":true,"href":"https:\/\/cafecreativ.ch\/index.php?rest_route=%2Fwp%2Fv2%2Fproduct_cat&post=3845"},{"taxonomy":"product_tag","embeddable":true,"href":"https:\/\/cafecreativ.ch\/index.php?rest_route=%2Fwp%2Fv2%2Fproduct_tag&post=3845"}],"curies":[{"name":"wp","href":"https:\/\/api.w.org\/{rel}","templated":true}]}}