{"id":3838,"date":"2025-11-21T14:49:40","date_gmt":"2025-11-21T14:49:40","guid":{"rendered":"https:\/\/cafecreativ.ch\/?post_type=product&#038;p=3838"},"modified":"2025-11-21T14:51:23","modified_gmt":"2025-11-21T14:51:23","slug":"glasflaeschchen-rund-140ml-mit-korken","status":"publish","type":"product","link":"https:\/\/cafecreativ.ch\/?product=glasflaeschchen-rund-140ml-mit-korken","title":{"rendered":"Glasfl\u00e4schchen rund, 140ml mit Korken"},"content":{"rendered":"<p>Wundersch\u00f6nes Fl\u00e4schchen mit Korken.<\/p>\n","protected":false},"excerpt":{"rendered":"<p>200 ml<br \/>\n14,5 cm<br \/>\n1 St\u00fcck<br \/>\nleer<\/p>\n","protected":false},"featured_media":3839,"template":"","meta":[],"product_brand":[],"product_cat":[97],"product_tag":[493,307,526,527],"class_list":{"0":"post-3838","1":"product","2":"type-product","3":"status-publish","4":"has-post-thumbnail","6":"product_cat-glasflaeschchen","7":"product_tag-altered-art","8":"product_tag-dekoration","9":"product_tag-glasflaeschchen","10":"product_tag-halloween","11":"product_shipping_class-pauschal","13":"first","14":"instock","15":"shipping-taxable","16":"purchasable","17":"product-type-simple"},"_links":{"self":[{"href":"https:\/\/cafecreativ.ch\/index.php?rest_route=\/wp\/v2\/product\/3838","targetHints":{"allow":["GET"]}}],"collection":[{"href":"https:\/\/cafecreativ.ch\/index.php?rest_route=\/wp\/v2\/product"}],"about":[{"href":"https:\/\/cafecreativ.ch\/index.php?rest_route=\/wp\/v2\/types\/product"}],"wp:featuredmedia":[{"embeddable":true,"href":"https:\/\/cafecreativ.ch\/index.php?rest_route=\/wp\/v2\/media\/3839"}],"wp:attachment":[{"href":"https:\/\/cafecreativ.ch\/index.php?rest_route=%2Fwp%2Fv2%2Fmedia&parent=3838"}],"wp:term":[{"taxonomy":"product_brand","embeddable":true,"href":"https:\/\/cafecreativ.ch\/index.php?rest_route=%2Fwp%2Fv2%2Fproduct_brand&post=3838"},{"taxonomy":"product_cat","embeddable":true,"href":"https:\/\/cafecreativ.ch\/index.php?rest_route=%2Fwp%2Fv2%2Fproduct_cat&post=3838"},{"taxonomy":"product_tag","embeddable":true,"href":"https:\/\/cafecreativ.ch\/index.php?rest_route=%2Fwp%2Fv2%2Fproduct_tag&post=3838"}],"curies":[{"name":"wp","href":"https:\/\/api.w.org\/{rel}","templated":true}]}}