{"id":333,"date":"2021-01-11T12:01:29","date_gmt":"2021-01-11T12:01:29","guid":{"rendered":"https:\/\/cafecreativ.ch\/?post_type=product&#038;p=333"},"modified":"2025-12-07T15:37:00","modified_gmt":"2025-12-07T15:37:00","slug":"papiermache-200g","status":"publish","type":"product","link":"https:\/\/cafecreativ.ch\/?product=papiermache-200g","title":{"rendered":"Papiermach\u00e9 200g"},"content":{"rendered":"<p>Die Flocken 1:1 anr\u00fchren mit Wasser.<br \/>\nPapiermach\u00e9 ist eine auf nat\u00fcrlicher Basis (Cellulose) hergestellte, papier\u00e4hnliche Modelliermasse.<br \/>\nDie ausgeh\u00e4rteten Modelle sind leicht und fest und k\u00f6nnen durch feilen oder schleifen nachbearbeitet, bemalt und mit Lack versiegelt werden.<br \/>\nBesonders zur Herstellung von Masken und Reliefs geeignet.<\/p>\n","protected":false},"excerpt":{"rendered":"<p id=\"firstHeading\" class=\"firstHeading\" lang=\"de\">Pappmach\u00e9 zum anr\u00fchren mit Wasser<br \/>\nim Beutel<br \/>\nInhalt: 200g<\/p>\n","protected":false},"featured_media":489,"template":"","meta":[],"product_brand":[],"product_cat":[320],"product_tag":[133,129,319],"class_list":{"0":"post-333","1":"product","2":"type-product","3":"status-publish","4":"has-post-thumbnail","6":"product_cat-pappmaschee","7":"product_tag-diy","8":"product_tag-modellieren","9":"product_tag-papier","10":"product_shipping_class-pauschal","12":"first","13":"instock","14":"shipping-taxable","15":"purchasable","16":"product-type-simple"},"_links":{"self":[{"href":"https:\/\/cafecreativ.ch\/index.php?rest_route=\/wp\/v2\/product\/333","targetHints":{"allow":["GET"]}}],"collection":[{"href":"https:\/\/cafecreativ.ch\/index.php?rest_route=\/wp\/v2\/product"}],"about":[{"href":"https:\/\/cafecreativ.ch\/index.php?rest_route=\/wp\/v2\/types\/product"}],"wp:featuredmedia":[{"embeddable":true,"href":"https:\/\/cafecreativ.ch\/index.php?rest_route=\/wp\/v2\/media\/489"}],"wp:attachment":[{"href":"https:\/\/cafecreativ.ch\/index.php?rest_route=%2Fwp%2Fv2%2Fmedia&parent=333"}],"wp:term":[{"taxonomy":"product_brand","embeddable":true,"href":"https:\/\/cafecreativ.ch\/index.php?rest_route=%2Fwp%2Fv2%2Fproduct_brand&post=333"},{"taxonomy":"product_cat","embeddable":true,"href":"https:\/\/cafecreativ.ch\/index.php?rest_route=%2Fwp%2Fv2%2Fproduct_cat&post=333"},{"taxonomy":"product_tag","embeddable":true,"href":"https:\/\/cafecreativ.ch\/index.php?rest_route=%2Fwp%2Fv2%2Fproduct_tag&post=333"}],"curies":[{"name":"wp","href":"https:\/\/api.w.org\/{rel}","templated":true}]}}