{"id":297,"date":"2021-01-06T18:32:56","date_gmt":"2021-01-06T18:32:56","guid":{"rendered":"https:\/\/cafecreativ.ch\/?post_type=product&#038;p=297"},"modified":"2025-11-22T15:54:30","modified_gmt":"2025-11-22T15:54:30","slug":"backsteinmauer","status":"publish","type":"product","link":"https:\/\/cafecreativ.ch\/?product=backsteinmauer","title":{"rendered":"Backsteinmauer"},"content":{"rendered":"<p>Fester Kunststoff.<br \/>\nReinigen mit Seifenwasser und weichem (Zahn-) B\u00fcrstchen.<br \/>\nDas Medium nicht trocknen lassen in der Motivform.<br \/>\nAm besten die Motivform nach Gebrauch direkt in ein Sch\u00fcsselchen mit Seifenwasser legen.<\/p>\n<p>In Anwendung mit Polymer Clay idealerweiseeine PE-Folie dr\u00fcberlegen. Sch\u00fctzt beide Materialien und h\u00e4lt das Strukturtool sch\u00f6n sauber.<\/p>\n","protected":false},"excerpt":{"rendered":"<p>Motivform Brickwall<br \/>\n1 St\u00fcck<\/p>\n","protected":false},"featured_media":298,"template":"","meta":[],"product_brand":[],"product_cat":[42,712],"product_tag":[285,284,246,186,226],"class_list":{"0":"post-297","1":"product","2":"type-product","3":"status-publish","4":"has-post-thumbnail","6":"product_cat-motivformen","7":"product_cat-strukturwerkzeug","8":"product_tag-backsteinmuster","9":"product_tag-brickwall","10":"product_tag-grunge","11":"product_tag-mixed-media","12":"product_tag-relief","13":"product_shipping_class-pauschal","15":"first","16":"instock","17":"shipping-taxable","18":"purchasable","19":"product-type-simple"},"_links":{"self":[{"href":"https:\/\/cafecreativ.ch\/index.php?rest_route=\/wp\/v2\/product\/297","targetHints":{"allow":["GET"]}}],"collection":[{"href":"https:\/\/cafecreativ.ch\/index.php?rest_route=\/wp\/v2\/product"}],"about":[{"href":"https:\/\/cafecreativ.ch\/index.php?rest_route=\/wp\/v2\/types\/product"}],"wp:featuredmedia":[{"embeddable":true,"href":"https:\/\/cafecreativ.ch\/index.php?rest_route=\/wp\/v2\/media\/298"}],"wp:attachment":[{"href":"https:\/\/cafecreativ.ch\/index.php?rest_route=%2Fwp%2Fv2%2Fmedia&parent=297"}],"wp:term":[{"taxonomy":"product_brand","embeddable":true,"href":"https:\/\/cafecreativ.ch\/index.php?rest_route=%2Fwp%2Fv2%2Fproduct_brand&post=297"},{"taxonomy":"product_cat","embeddable":true,"href":"https:\/\/cafecreativ.ch\/index.php?rest_route=%2Fwp%2Fv2%2Fproduct_cat&post=297"},{"taxonomy":"product_tag","embeddable":true,"href":"https:\/\/cafecreativ.ch\/index.php?rest_route=%2Fwp%2Fv2%2Fproduct_tag&post=297"}],"curies":[{"name":"wp","href":"https:\/\/api.w.org\/{rel}","templated":true}]}}