{"id":2553,"date":"2021-05-24T09:24:31","date_gmt":"2021-05-24T09:24:31","guid":{"rendered":"https:\/\/cafecreativ.ch\/?post_type=product&#038;p=2553"},"modified":"2025-11-13T19:22:25","modified_gmt":"2025-11-13T19:22:25","slug":"edding-nachfuelltinte-textmarker-neon-orange","status":"publish","type":"product","link":"https:\/\/cafecreativ.ch\/?product=edding-nachfuelltinte-textmarker-neon-orange","title":{"rendered":"Edding Nachf\u00fclltinte Textmarker  Neon-Orange"},"content":{"rendered":"<p>Nachf\u00fclltinte mit Kapillarsystem &#8211; ideal zum sauberen und unkomplizierten Nachf\u00fcllen fast aller edding Textmarker.<br \/>\nDie Nachf\u00fcllflasche enth\u00e4lt 25 ml Tinte.<br \/>\nMarker einfach mit der Spitze nach unten f\u00fcr mindestens eine Stunde, idealerweise \u00fcber Nacht, in die Nachf\u00fcllflasche stellen. Danach ist der Marker wieder schreibbereit.<\/p>\n<p>Saubere und eigenst\u00e4ndige Nachf\u00fcllm\u00f6glichkeit zur Verl\u00e4ngerung der Lebensdauer fast aller edding Textmarker. Einfache Handhabung. Nachf\u00fcllen ist umweltfreundlich, da die Abfallmenge reduziert wird. Hochwertiges Markenprodukt. Made in Germany.<\/p>\n","protected":false},"excerpt":{"rendered":"<p>Edding Nachf\u00fclltinte<br \/>\nOrange<br \/>\n25ml<\/p>\n","protected":false},"featured_media":2561,"template":"","meta":[],"product_brand":[],"product_cat":[863],"product_tag":[864,865,868,616,866,142,624,867],"class_list":{"0":"post-2553","1":"product","2":"type-product","3":"status-publish","4":"has-post-thumbnail","6":"product_cat-edding","7":"product_tag-buero","8":"product_tag-bueroartikel","9":"product_tag-highlighter","10":"product_tag-neon","11":"product_tag-office","12":"product_tag-orange","13":"product_tag-refiller","14":"product_tag-textmarker","15":"product_shipping_class-pauschal","17":"first","18":"instock","19":"shipping-taxable","20":"purchasable","21":"product-type-simple"},"_links":{"self":[{"href":"https:\/\/cafecreativ.ch\/index.php?rest_route=\/wp\/v2\/product\/2553","targetHints":{"allow":["GET"]}}],"collection":[{"href":"https:\/\/cafecreativ.ch\/index.php?rest_route=\/wp\/v2\/product"}],"about":[{"href":"https:\/\/cafecreativ.ch\/index.php?rest_route=\/wp\/v2\/types\/product"}],"wp:featuredmedia":[{"embeddable":true,"href":"https:\/\/cafecreativ.ch\/index.php?rest_route=\/wp\/v2\/media\/2561"}],"wp:attachment":[{"href":"https:\/\/cafecreativ.ch\/index.php?rest_route=%2Fwp%2Fv2%2Fmedia&parent=2553"}],"wp:term":[{"taxonomy":"product_brand","embeddable":true,"href":"https:\/\/cafecreativ.ch\/index.php?rest_route=%2Fwp%2Fv2%2Fproduct_brand&post=2553"},{"taxonomy":"product_cat","embeddable":true,"href":"https:\/\/cafecreativ.ch\/index.php?rest_route=%2Fwp%2Fv2%2Fproduct_cat&post=2553"},{"taxonomy":"product_tag","embeddable":true,"href":"https:\/\/cafecreativ.ch\/index.php?rest_route=%2Fwp%2Fv2%2Fproduct_tag&post=2553"}],"curies":[{"name":"wp","href":"https:\/\/api.w.org\/{rel}","templated":true}]}}