{"id":2548,"date":"2021-05-24T09:27:56","date_gmt":"2021-05-24T09:27:56","guid":{"rendered":"https:\/\/cafecreativ.ch\/?post_type=product&#038;p=2548"},"modified":"2025-11-13T19:20:47","modified_gmt":"2025-11-13T19:20:47","slug":"08mm-weiss-glanzlackmarker-permanent","status":"publish","type":"product","link":"https:\/\/cafecreativ.ch\/?product=08mm-weiss-glanzlackmarker-permanent","title":{"rendered":"0,8mm Weiss, Glanzlackmarker, permanent"},"content":{"rendered":"<p>Glanzlackmarker f\u00fcr stark deckendes, permanentes und<br \/>\nwischbest\u00e4ndiges Schreiben und Dekorieren auf glatten und sogar<br \/>\ndunklen und transparenten Materialien, z. B. Glas, Metall, Kunststoff<br \/>\nund beschichtetes Papier.<br \/>\nDie metallgefasste Kunststoffspitze hat eine Strichbreite von 0,8 mm.<br \/>\nDie lack\u00e4hnliche Pigmenttinte trocknet schnell, ist witterungs- und extrem lichtbest\u00e4ndig, geruchsarm sowie abriebbest\u00e4ndig.<br \/>\nDie Tinte ist geruchsarm und ohne Zusatz von Toluol \/ Xylol.<br \/>\nHochwertiger Aluminiumschaft.<br \/>\nDie permanente deckende Tinte haftet auf Materialien, auf denen alles<br \/>\nandere verschmiert. Extra feine Spitze.<br \/>\nVentilsystem sorgt mit gleichm\u00e4\u00dfigem Tintenfluss f\u00fcr hohe Deckkraft. Die<br \/>\nFolienversiegelung stellt sicher, dass das Produkt beim Kauf unbenutzt<br \/>\nist. Einfache und saubere Anwendung f\u00fcr unkomplizierte, spontane<br \/>\nKreativit\u00e4t. H\u00e4lt dauerhaft im Innen- und Au\u00dfenbereich. Hochwertiges<br \/>\nMarkenprodukt.<\/p>\n<p>&nbsp;<\/p>\n","protected":false},"excerpt":{"rendered":"<p>Edding Glanzlackmarker weiss<br \/>\nPermanent<br \/>\nStrichst\u00e4rke 0,8mm<br \/>\n1 St\u00fcck<\/p>\n","protected":false},"featured_media":2565,"template":"","meta":[],"product_brand":[],"product_cat":[863,859,668,860],"product_tag":[858,857,205],"class_list":{"0":"post-2548","1":"product","2":"type-product","3":"status-publish","4":"has-post-thumbnail","6":"product_cat-edding","7":"product_cat-farbstifte-marker-filzer","8":"product_cat-schreibutensilien","9":"product_cat-weiss","10":"product_tag-filzer","11":"product_tag-marker","12":"product_tag-weiss","13":"product_shipping_class-pauschal","15":"first","16":"instock","17":"shipping-taxable","18":"purchasable","19":"product-type-simple"},"_links":{"self":[{"href":"https:\/\/cafecreativ.ch\/index.php?rest_route=\/wp\/v2\/product\/2548","targetHints":{"allow":["GET"]}}],"collection":[{"href":"https:\/\/cafecreativ.ch\/index.php?rest_route=\/wp\/v2\/product"}],"about":[{"href":"https:\/\/cafecreativ.ch\/index.php?rest_route=\/wp\/v2\/types\/product"}],"wp:featuredmedia":[{"embeddable":true,"href":"https:\/\/cafecreativ.ch\/index.php?rest_route=\/wp\/v2\/media\/2565"}],"wp:attachment":[{"href":"https:\/\/cafecreativ.ch\/index.php?rest_route=%2Fwp%2Fv2%2Fmedia&parent=2548"}],"wp:term":[{"taxonomy":"product_brand","embeddable":true,"href":"https:\/\/cafecreativ.ch\/index.php?rest_route=%2Fwp%2Fv2%2Fproduct_brand&post=2548"},{"taxonomy":"product_cat","embeddable":true,"href":"https:\/\/cafecreativ.ch\/index.php?rest_route=%2Fwp%2Fv2%2Fproduct_cat&post=2548"},{"taxonomy":"product_tag","embeddable":true,"href":"https:\/\/cafecreativ.ch\/index.php?rest_route=%2Fwp%2Fv2%2Fproduct_tag&post=2548"}],"curies":[{"name":"wp","href":"https:\/\/api.w.org\/{rel}","templated":true}]}}