{"id":2544,"date":"2021-05-24T09:29:36","date_gmt":"2021-05-24T09:29:36","guid":{"rendered":"https:\/\/cafecreativ.ch\/?post_type=product&#038;p=2544"},"modified":"2025-11-14T14:47:45","modified_gmt":"2025-11-14T14:47:45","slug":"profi-tafelfarbe-bordeaux","status":"publish","type":"product","link":"https:\/\/cafecreativ.ch\/?product=profi-tafelfarbe-bordeaux","title":{"rendered":"Profi-Tafelfarbe Bordeaux"},"content":{"rendered":"<p>Hochpigmentierte, matte, sehr deckende Tafelfarbe.<br \/>\nS\u00e4mliche Farbt\u00f6ne der Primo Profi-Tafelfarben k\u00f6nnen untereinander gemischt werden um neue Farben und Farbnuancen zu erhalten.<\/p>\n<p>Die Tafelfarbe auf Acrylbasis kann auf fast alle Untergr\u00fcnde aufgetragen werden (Holz, Metall, Beton, Ton, Kunststoff, Pappe etc.), empfohlen wird das auftragen mit einer Rolle in mehreren Schichten, die zwischen den einzelnen Farbauftr\u00e4gen trocknen sollten.<\/p>\n<p>Die Trocknungszeit betr\u00e4gt zwischen 6-12h, gebrauchsfertig ist die Tafel nach etwa 48h.<br \/>\nDie Trocknungszeit h\u00e4ngt vom Malgrund sowie der Umgebungsw\u00e4rme ab.<\/p>\n<p>Es ist ein m\u00f6glichst gleichm\u00e4ssiger Farbauftrag anzustreben auf ebenem, gleichm\u00e4ssigem Grund.<\/p>\n<p>Nach dem trocknen wird die Farbe permanent, Flecken auf Oberfl\u00e4chen und Textilien m\u00f6glichst sofort mit Wasser und Seife entfernen, bevor die Farbe trocknet.<\/p>\n<p>Ein Becher reicht laut Hersteller f\u00fcr ungef\u00e4hr zwei Quadratmeter.<\/p>\n","protected":false},"excerpt":{"rendered":"<p>Professional-Hobby Tafelfarbe<br \/>\nBordeaux<br \/>\n250ml<\/p>\n","protected":false},"featured_media":2572,"template":"","meta":[],"product_brand":[],"product_cat":[173],"product_tag":[558,146,144,176,174,557],"class_list":{"0":"post-2544","1":"product","2":"type-product","3":"status-publish","4":"has-post-thumbnail","6":"product_cat-tafelfarbe","7":"product_tag-bordeau","8":"product_tag-farbe","9":"product_tag-rot","10":"product_tag-tafelfarbe","11":"product_tag-tafellack","12":"product_tag-weinrot","13":"product_shipping_class-pauschal","15":"first","16":"instock","17":"shipping-taxable","18":"purchasable","19":"product-type-simple"},"_links":{"self":[{"href":"https:\/\/cafecreativ.ch\/index.php?rest_route=\/wp\/v2\/product\/2544","targetHints":{"allow":["GET"]}}],"collection":[{"href":"https:\/\/cafecreativ.ch\/index.php?rest_route=\/wp\/v2\/product"}],"about":[{"href":"https:\/\/cafecreativ.ch\/index.php?rest_route=\/wp\/v2\/types\/product"}],"wp:featuredmedia":[{"embeddable":true,"href":"https:\/\/cafecreativ.ch\/index.php?rest_route=\/wp\/v2\/media\/2572"}],"wp:attachment":[{"href":"https:\/\/cafecreativ.ch\/index.php?rest_route=%2Fwp%2Fv2%2Fmedia&parent=2544"}],"wp:term":[{"taxonomy":"product_brand","embeddable":true,"href":"https:\/\/cafecreativ.ch\/index.php?rest_route=%2Fwp%2Fv2%2Fproduct_brand&post=2544"},{"taxonomy":"product_cat","embeddable":true,"href":"https:\/\/cafecreativ.ch\/index.php?rest_route=%2Fwp%2Fv2%2Fproduct_cat&post=2544"},{"taxonomy":"product_tag","embeddable":true,"href":"https:\/\/cafecreativ.ch\/index.php?rest_route=%2Fwp%2Fv2%2Fproduct_tag&post=2544"}],"curies":[{"name":"wp","href":"https:\/\/api.w.org\/{rel}","templated":true}]}}