{"id":2543,"date":"2021-05-24T09:30:12","date_gmt":"2021-05-24T09:30:12","guid":{"rendered":"https:\/\/cafecreativ.ch\/?post_type=product&#038;p=2543"},"modified":"2025-11-13T16:06:02","modified_gmt":"2025-11-13T16:06:02","slug":"zickzack-schere-fiskars","status":"publish","type":"product","link":"https:\/\/cafecreativ.ch\/?product=zickzack-schere-fiskars","title":{"rendered":"Zickzack-Schere Fiskars"},"content":{"rendered":"<p>Jeder braucht eine gute, zuverl\u00e4ssige Zickzack-Schere!<\/p>\n<p>Classic Zickzackschere, 23 cm.<br \/>\nF\u00fcr Rechtsh\u00e4nder.<br \/>\nPr\u00e4zises Zickzack-Schneiden ohne Ausfransen.<br \/>\nDie verl\u00e4ngerte untere Klinge h\u00e4lt das Material bei l\u00e4ngeren Schnitten<br \/>\nan Ort und Stelle.<br \/>\nSchneidet durch Jeansstoffe und gewebte Stoffe.<\/p>\n","protected":false},"excerpt":{"rendered":"<p>Fiskars Zickzackschere Classic 23cm<br \/>\n1 St\u00fcck<\/p>\n","protected":false},"featured_media":2581,"template":"","meta":[],"product_brand":[],"product_cat":[830,50],"product_tag":[126,854,853,856,855],"class_list":{"0":"post-2543","1":"product","2":"type-product","3":"status-publish","4":"has-post-thumbnail","6":"product_cat-stoffartikel","7":"product_cat-werkzeug","8":"product_tag-geschenkidee","9":"product_tag-naehen","10":"product_tag-schere","11":"product_tag-schneiden","12":"product_tag-schneidern","13":"product_shipping_class-pauschal","15":"first","16":"instock","17":"shipping-taxable","18":"purchasable","19":"product-type-simple"},"_links":{"self":[{"href":"https:\/\/cafecreativ.ch\/index.php?rest_route=\/wp\/v2\/product\/2543","targetHints":{"allow":["GET"]}}],"collection":[{"href":"https:\/\/cafecreativ.ch\/index.php?rest_route=\/wp\/v2\/product"}],"about":[{"href":"https:\/\/cafecreativ.ch\/index.php?rest_route=\/wp\/v2\/types\/product"}],"wp:featuredmedia":[{"embeddable":true,"href":"https:\/\/cafecreativ.ch\/index.php?rest_route=\/wp\/v2\/media\/2581"}],"wp:attachment":[{"href":"https:\/\/cafecreativ.ch\/index.php?rest_route=%2Fwp%2Fv2%2Fmedia&parent=2543"}],"wp:term":[{"taxonomy":"product_brand","embeddable":true,"href":"https:\/\/cafecreativ.ch\/index.php?rest_route=%2Fwp%2Fv2%2Fproduct_brand&post=2543"},{"taxonomy":"product_cat","embeddable":true,"href":"https:\/\/cafecreativ.ch\/index.php?rest_route=%2Fwp%2Fv2%2Fproduct_cat&post=2543"},{"taxonomy":"product_tag","embeddable":true,"href":"https:\/\/cafecreativ.ch\/index.php?rest_route=%2Fwp%2Fv2%2Fproduct_tag&post=2543"}],"curies":[{"name":"wp","href":"https:\/\/api.w.org\/{rel}","templated":true}]}}