{"id":2542,"date":"2021-06-03T10:45:25","date_gmt":"2021-06-03T10:45:25","guid":{"rendered":"https:\/\/cafecreativ.ch\/?post_type=product&#038;p=2542"},"modified":"2025-11-13T16:05:49","modified_gmt":"2025-11-13T16:05:49","slug":"temperello-fabric-10er","status":"publish","type":"product","link":"https:\/\/cafecreativ.ch\/?product=temperello-fabric-10er","title":{"rendered":"Temperello Fabric 10er"},"content":{"rendered":"<p>Die praktischen Temperellos als Stoff-Edition im 10er Etui!<br \/>\nBrilliante Farben mit hoher Deckkraft.<br \/>\nBemalen und trocknen lassen, danach ein Blatt Papier (Backpapier eignet sich sehr gut!) auf die Zeichnung auflegen und mit dem B\u00fcgeleisen f\u00fcr 3-4 Minuten fixieren.<br \/>\nDanach kann die Textilie in der Maschine bis 60\u00b0C gewaschen werden.<br \/>\nDie Farben sind l\u00f6sungsmittelfrei.<\/p>\n<p>Mit den Temperellos braucht&#8217;s weder Pinsel noch Wasser!<br \/>\nEinfach drauflosmalen!<\/p>\n<p>F\u00fcr grosse und f\u00fcr kleine Kinder.<\/p>\n<p>&nbsp;<\/p>\n<p>Die Haptik erinnert an \u00d6lkreiden, die etwas sehr feucht geraten sind.<br \/>\nDie Farben lassen sich &#8211; solange sie noch feucht sind &#8211; sehr gut leicht verwischen mit den Fingern.<br \/>\nDie Farbe geht gut von den H\u00e4nden ab, ggf. H\u00e4nde mit einem Nagelb\u00fcrstchen schrubben.<br \/>\nSobald die Farben trocken sind, f\u00e4rben sie nicht mehr ab, man kann das Textilst\u00fcck also gut anfassen.<\/p>\n<p>&nbsp;<\/p>\n<p>&nbsp;<\/p>\n","protected":false},"excerpt":{"rendered":"<p>Textilfarbe, 10er Etui.<br \/>\nL\u00f6sungsmittelfrei.<\/p>\n","protected":false},"featured_media":2699,"template":"","meta":[],"product_brand":[],"product_cat":[851],"product_tag":[743,146,126,134,852],"class_list":{"0":"post-2542","1":"product","2":"type-product","3":"status-publish","4":"has-post-thumbnail","6":"product_cat-textilfarben","7":"product_tag-bunt","8":"product_tag-farbe","9":"product_tag-geschenkidee","10":"product_tag-malen","11":"product_tag-textilfarbe","12":"product_shipping_class-pauschal","14":"first","15":"instock","16":"shipping-taxable","17":"purchasable","18":"product-type-simple"},"_links":{"self":[{"href":"https:\/\/cafecreativ.ch\/index.php?rest_route=\/wp\/v2\/product\/2542","targetHints":{"allow":["GET"]}}],"collection":[{"href":"https:\/\/cafecreativ.ch\/index.php?rest_route=\/wp\/v2\/product"}],"about":[{"href":"https:\/\/cafecreativ.ch\/index.php?rest_route=\/wp\/v2\/types\/product"}],"wp:featuredmedia":[{"embeddable":true,"href":"https:\/\/cafecreativ.ch\/index.php?rest_route=\/wp\/v2\/media\/2699"}],"wp:attachment":[{"href":"https:\/\/cafecreativ.ch\/index.php?rest_route=%2Fwp%2Fv2%2Fmedia&parent=2542"}],"wp:term":[{"taxonomy":"product_brand","embeddable":true,"href":"https:\/\/cafecreativ.ch\/index.php?rest_route=%2Fwp%2Fv2%2Fproduct_brand&post=2542"},{"taxonomy":"product_cat","embeddable":true,"href":"https:\/\/cafecreativ.ch\/index.php?rest_route=%2Fwp%2Fv2%2Fproduct_cat&post=2542"},{"taxonomy":"product_tag","embeddable":true,"href":"https:\/\/cafecreativ.ch\/index.php?rest_route=%2Fwp%2Fv2%2Fproduct_tag&post=2542"}],"curies":[{"name":"wp","href":"https:\/\/api.w.org\/{rel}","templated":true}]}}