{"id":2511,"date":"2021-05-20T11:28:55","date_gmt":"2021-05-20T11:28:55","guid":{"rendered":"https:\/\/cafecreativ.ch\/?post_type=product&#038;p=2511"},"modified":"2025-12-07T18:47:44","modified_gmt":"2025-12-07T18:47:44","slug":"pflanzenpresse-ersatz-presseeinlagen","status":"publish","type":"product","link":"https:\/\/cafecreativ.ch\/?product=pflanzenpresse-ersatz-presseeinlagen","title":{"rendered":"Pflanzenpresse Ersatz-Presseeinlagen"},"content":{"rendered":"<p>Nachf\u00fcllpackung f\u00fcr die Pflanzenpresse<br \/>\nmit 8 Bogen Air-Wellpappe und 14 Bogen Gel-Fliesspapier.<\/p>\n<p>Die gepressten, getrockneten Pflanzen eignen sich nicht nur f\u00fcr schulische Zwecke, sie sind f\u00fcrs kartenbasteln, f\u00fcr Scrapbookingprojekte oder auch f\u00fcr Resin-Schmuck und nat\u00fcrlich f\u00fcr vieles, vieles mehr geeignet.<\/p>\n","protected":false},"excerpt":{"rendered":"<p>Pflanzenpresse <strong>Nachf\u00fcllpackung<\/strong><br \/>\n8 Bogen Air-Wellpappe<br \/>\n14 Bogen Gel-Fliesspapier<\/p>\n","protected":false},"featured_media":2591,"template":"","meta":[],"product_brand":[],"product_cat":[568,651,816,817,31],"product_tag":[820,818,822,821,294,819],"class_list":{"0":"post-2511","1":"product","2":"type-product","3":"status-publish","4":"has-post-thumbnail","6":"product_cat-aktuell","7":"product_cat-fuer-kinder","8":"product_cat-herbarium","9":"product_cat-herbarium-haus-garten","10":"product_cat-knueller","11":"product_tag-flora","12":"product_tag-herbarium","13":"product_tag-naturheilkunde","14":"product_tag-naturkunde","15":"product_tag-pflanzen","16":"product_tag-schule","17":"product_shipping_class-pauschal","19":"first","20":"instock","21":"shipping-taxable","22":"purchasable","23":"product-type-simple"},"_links":{"self":[{"href":"https:\/\/cafecreativ.ch\/index.php?rest_route=\/wp\/v2\/product\/2511","targetHints":{"allow":["GET"]}}],"collection":[{"href":"https:\/\/cafecreativ.ch\/index.php?rest_route=\/wp\/v2\/product"}],"about":[{"href":"https:\/\/cafecreativ.ch\/index.php?rest_route=\/wp\/v2\/types\/product"}],"wp:featuredmedia":[{"embeddable":true,"href":"https:\/\/cafecreativ.ch\/index.php?rest_route=\/wp\/v2\/media\/2591"}],"wp:attachment":[{"href":"https:\/\/cafecreativ.ch\/index.php?rest_route=%2Fwp%2Fv2%2Fmedia&parent=2511"}],"wp:term":[{"taxonomy":"product_brand","embeddable":true,"href":"https:\/\/cafecreativ.ch\/index.php?rest_route=%2Fwp%2Fv2%2Fproduct_brand&post=2511"},{"taxonomy":"product_cat","embeddable":true,"href":"https:\/\/cafecreativ.ch\/index.php?rest_route=%2Fwp%2Fv2%2Fproduct_cat&post=2511"},{"taxonomy":"product_tag","embeddable":true,"href":"https:\/\/cafecreativ.ch\/index.php?rest_route=%2Fwp%2Fv2%2Fproduct_tag&post=2511"}],"curies":[{"name":"wp","href":"https:\/\/api.w.org\/{rel}","templated":true}]}}