{"id":2502,"date":"2021-05-24T14:46:55","date_gmt":"2021-05-24T14:46:55","guid":{"rendered":"https:\/\/cafecreativ.ch\/?post_type=product&#038;p=2502"},"modified":"2025-11-10T06:52:42","modified_gmt":"2025-11-10T06:52:42","slug":"silikon-kleber-tube-80g","status":"publish","type":"product","link":"https:\/\/cafecreativ.ch\/?product=silikon-kleber-tube-80g","title":{"rendered":"Silikon Kleber, Tube 80g"},"content":{"rendered":"<p>3D-Kit f\u00fcr Decoupage mit bew\u00e4hrter Eignung f\u00fcr Mosaik-Untergr\u00fcnde. Besonders schnell trocknend.<br \/>\nMit Auftragst\u00fclle und Tubenschl\u00fcssel f\u00fcr ergiebige Anwendungen.<\/p>\n","protected":false},"excerpt":{"rendered":"<p>Silikon-Kleber<br \/>\nTube<br \/>\n80g<br \/>\n1 St\u00fcck<\/p>\n","protected":false},"featured_media":2624,"template":"","meta":[],"product_brand":[],"product_cat":[28,109,108,812],"product_tag":[322,399,156,155,813,814,166,125,496],"class_list":{"0":"post-2502","1":"product","2":"type-product","3":"status-publish","4":"has-post-thumbnail","6":"product_cat-decoupage","7":"product_cat-mosaikwerkzeug","8":"product_cat-mosaik-zuebhoer","9":"product_cat-spezialklebstoffe","10":"product_tag-3d","11":"product_tag-decoupage","12":"product_tag-kleber","13":"product_tag-leim","14":"product_tag-mosaik","15":"product_tag-mosaikzubehoer","16":"product_tag-verbrauchsmaterial","17":"product_tag-werkzeug","18":"product_tag-zubehoer","19":"product_shipping_class-pauschal","21":"first","22":"instock","23":"shipping-taxable","24":"purchasable","25":"product-type-simple"},"_links":{"self":[{"href":"https:\/\/cafecreativ.ch\/index.php?rest_route=\/wp\/v2\/product\/2502","targetHints":{"allow":["GET"]}}],"collection":[{"href":"https:\/\/cafecreativ.ch\/index.php?rest_route=\/wp\/v2\/product"}],"about":[{"href":"https:\/\/cafecreativ.ch\/index.php?rest_route=\/wp\/v2\/types\/product"}],"wp:featuredmedia":[{"embeddable":true,"href":"https:\/\/cafecreativ.ch\/index.php?rest_route=\/wp\/v2\/media\/2624"}],"wp:attachment":[{"href":"https:\/\/cafecreativ.ch\/index.php?rest_route=%2Fwp%2Fv2%2Fmedia&parent=2502"}],"wp:term":[{"taxonomy":"product_brand","embeddable":true,"href":"https:\/\/cafecreativ.ch\/index.php?rest_route=%2Fwp%2Fv2%2Fproduct_brand&post=2502"},{"taxonomy":"product_cat","embeddable":true,"href":"https:\/\/cafecreativ.ch\/index.php?rest_route=%2Fwp%2Fv2%2Fproduct_cat&post=2502"},{"taxonomy":"product_tag","embeddable":true,"href":"https:\/\/cafecreativ.ch\/index.php?rest_route=%2Fwp%2Fv2%2Fproduct_tag&post=2502"}],"curies":[{"name":"wp","href":"https:\/\/api.w.org\/{rel}","templated":true}]}}