{"id":2491,"date":"2021-05-20T08:37:09","date_gmt":"2021-05-20T08:37:09","guid":{"rendered":"https:\/\/cafecreativ.ch\/?post_type=product&#038;p=2491"},"modified":"2025-11-09T13:28:41","modified_gmt":"2025-11-09T13:28:41","slug":"hellgruene-geschenkanhaenger-15-stk","status":"publish","type":"product","link":"https:\/\/cafecreativ.ch\/?product=hellgruene-geschenkanhaenger-15-stk","title":{"rendered":"Hellgr\u00fcne Geschenkanh\u00e4nger, 15 Stk."},"content":{"rendered":"<p>Wundersch\u00f6ne Geschenkanh\u00e4nger in eleganter Form.<br \/>\nDie Tags sind optimal geeignet zum bestempeln und bemalen.<br \/>\nDrei verschiedene Gr\u00f6ssen, inkl. farblich passender Schnur.<\/p>\n","protected":false},"excerpt":{"rendered":"<p>Elegante Papier-Geschenkanh\u00e4nger<br \/>\nHellgr\u00fcn<br \/>\n5-8&#215;3-5cm<br \/>\n15 St\u00fcck<\/p>\n","protected":false},"featured_media":2642,"template":"","meta":[],"product_brand":[],"product_cat":[797,795,38],"product_tag":[800,801,141,411,799,798],"class_list":{"0":"post-2491","1":"product","2":"type-product","3":"status-publish","4":"has-post-thumbnail","6":"product_cat-geschenkanhaenger","7":"product_cat-labels-tags-etiketten","8":"product_cat-stanzteile","9":"product_tag-anhaenger","10":"product_tag-geschenkanhaenger","11":"product_tag-gruen","12":"product_tag-hellgruen","13":"product_tag-label","14":"product_tag-tag","15":"product_shipping_class-pauschal","17":"first","18":"instock","19":"shipping-taxable","20":"purchasable","21":"product-type-simple"},"_links":{"self":[{"href":"https:\/\/cafecreativ.ch\/index.php?rest_route=\/wp\/v2\/product\/2491","targetHints":{"allow":["GET"]}}],"collection":[{"href":"https:\/\/cafecreativ.ch\/index.php?rest_route=\/wp\/v2\/product"}],"about":[{"href":"https:\/\/cafecreativ.ch\/index.php?rest_route=\/wp\/v2\/types\/product"}],"wp:featuredmedia":[{"embeddable":true,"href":"https:\/\/cafecreativ.ch\/index.php?rest_route=\/wp\/v2\/media\/2642"}],"wp:attachment":[{"href":"https:\/\/cafecreativ.ch\/index.php?rest_route=%2Fwp%2Fv2%2Fmedia&parent=2491"}],"wp:term":[{"taxonomy":"product_brand","embeddable":true,"href":"https:\/\/cafecreativ.ch\/index.php?rest_route=%2Fwp%2Fv2%2Fproduct_brand&post=2491"},{"taxonomy":"product_cat","embeddable":true,"href":"https:\/\/cafecreativ.ch\/index.php?rest_route=%2Fwp%2Fv2%2Fproduct_cat&post=2491"},{"taxonomy":"product_tag","embeddable":true,"href":"https:\/\/cafecreativ.ch\/index.php?rest_route=%2Fwp%2Fv2%2Fproduct_tag&post=2491"}],"curies":[{"name":"wp","href":"https:\/\/api.w.org\/{rel}","templated":true}]}}