{"id":2485,"date":"2021-05-20T07:58:37","date_gmt":"2021-05-20T07:58:37","guid":{"rendered":"https:\/\/cafecreativ.ch\/?post_type=product&#038;p=2485"},"modified":"2025-11-09T13:27:57","modified_gmt":"2025-11-09T13:27:57","slug":"weisse-geschenkanhaenger-15-stk","status":"publish","type":"product","link":"https:\/\/cafecreativ.ch\/?product=weisse-geschenkanhaenger-15-stk","title":{"rendered":"Weisse Geschenkanh\u00e4nger, 15 Stk."},"content":{"rendered":"<p>Wundersch\u00f6ne Geschenkanh\u00e4nger in eleganter Form.<br \/>\nDie Tags sind optimal geeignet zum bestempeln und bemalen.<br \/>\nDrei verschiedene Gr\u00f6ssen, inkl. farblich passender Schnur.<\/p>\n","protected":false},"excerpt":{"rendered":"<p>Elegante Papier-Geschenkanh\u00e4nger<br \/>\nWeiss<br \/>\n5-8&#215;3-5cm<br \/>\n15 St\u00fcck<\/p>\n","protected":false},"featured_media":2647,"template":"","meta":[],"product_brand":[],"product_cat":[797,795,38],"product_tag":[800,801,799,798,205],"class_list":{"0":"post-2485","1":"product","2":"type-product","3":"status-publish","4":"has-post-thumbnail","6":"product_cat-geschenkanhaenger","7":"product_cat-labels-tags-etiketten","8":"product_cat-stanzteile","9":"product_tag-anhaenger","10":"product_tag-geschenkanhaenger","11":"product_tag-label","12":"product_tag-tag","13":"product_tag-weiss","14":"product_shipping_class-pauschal","16":"first","17":"instock","18":"shipping-taxable","19":"purchasable","20":"product-type-simple"},"_links":{"self":[{"href":"https:\/\/cafecreativ.ch\/index.php?rest_route=\/wp\/v2\/product\/2485","targetHints":{"allow":["GET"]}}],"collection":[{"href":"https:\/\/cafecreativ.ch\/index.php?rest_route=\/wp\/v2\/product"}],"about":[{"href":"https:\/\/cafecreativ.ch\/index.php?rest_route=\/wp\/v2\/types\/product"}],"wp:featuredmedia":[{"embeddable":true,"href":"https:\/\/cafecreativ.ch\/index.php?rest_route=\/wp\/v2\/media\/2647"}],"wp:attachment":[{"href":"https:\/\/cafecreativ.ch\/index.php?rest_route=%2Fwp%2Fv2%2Fmedia&parent=2485"}],"wp:term":[{"taxonomy":"product_brand","embeddable":true,"href":"https:\/\/cafecreativ.ch\/index.php?rest_route=%2Fwp%2Fv2%2Fproduct_brand&post=2485"},{"taxonomy":"product_cat","embeddable":true,"href":"https:\/\/cafecreativ.ch\/index.php?rest_route=%2Fwp%2Fv2%2Fproduct_cat&post=2485"},{"taxonomy":"product_tag","embeddable":true,"href":"https:\/\/cafecreativ.ch\/index.php?rest_route=%2Fwp%2Fv2%2Fproduct_tag&post=2485"}],"curies":[{"name":"wp","href":"https:\/\/api.w.org\/{rel}","templated":true}]}}