{"id":2093,"date":"2021-02-08T18:11:04","date_gmt":"2021-02-08T18:11:04","guid":{"rendered":"https:\/\/cafecreativ.ch\/?post_type=product&#038;p=2093"},"modified":"2025-11-13T19:12:48","modified_gmt":"2025-11-13T19:12:48","slug":"malkarton-18x24cm","status":"publish","type":"product","link":"https:\/\/cafecreativ.ch\/?product=malkarton-18x24cm","title":{"rendered":"Malkarton 18x24cm"},"content":{"rendered":"<p>Malkarton mit Baumwolle (280g\/m2) kaschiert,<br \/>\ndreifach weissgrundiert.<br \/>\nDie R\u00fcckseite ist mit weissem Papier gegenkaschiert.<\/p>\n<p>Geeignet f\u00fcr Gouache, Acryl- und \u00d6lfarben und nat\u00fcrlich Mixed Media Art.<\/p>\n","protected":false},"excerpt":{"rendered":"<p>Weiss, Baumwolle<br \/>\n18x24cm<br \/>\n1 St\u00fcck<\/p>\n","protected":false},"featured_media":2050,"template":"","meta":[],"product_brand":[],"product_cat":[60,771],"product_tag":[272,134,186],"class_list":{"0":"post-2093","1":"product","2":"type-product","3":"status-publish","4":"has-post-thumbnail","6":"product_cat-malgruende","7":"product_cat-malkarton","8":"product_tag-leinwand","9":"product_tag-malen","10":"product_tag-mixed-media","11":"product_shipping_class-pauschal","13":"first","14":"instock","15":"shipping-taxable","16":"purchasable","17":"product-type-simple"},"_links":{"self":[{"href":"https:\/\/cafecreativ.ch\/index.php?rest_route=\/wp\/v2\/product\/2093","targetHints":{"allow":["GET"]}}],"collection":[{"href":"https:\/\/cafecreativ.ch\/index.php?rest_route=\/wp\/v2\/product"}],"about":[{"href":"https:\/\/cafecreativ.ch\/index.php?rest_route=\/wp\/v2\/types\/product"}],"wp:featuredmedia":[{"embeddable":true,"href":"https:\/\/cafecreativ.ch\/index.php?rest_route=\/wp\/v2\/media\/2050"}],"wp:attachment":[{"href":"https:\/\/cafecreativ.ch\/index.php?rest_route=%2Fwp%2Fv2%2Fmedia&parent=2093"}],"wp:term":[{"taxonomy":"product_brand","embeddable":true,"href":"https:\/\/cafecreativ.ch\/index.php?rest_route=%2Fwp%2Fv2%2Fproduct_brand&post=2093"},{"taxonomy":"product_cat","embeddable":true,"href":"https:\/\/cafecreativ.ch\/index.php?rest_route=%2Fwp%2Fv2%2Fproduct_cat&post=2093"},{"taxonomy":"product_tag","embeddable":true,"href":"https:\/\/cafecreativ.ch\/index.php?rest_route=%2Fwp%2Fv2%2Fproduct_tag&post=2093"}],"curies":[{"name":"wp","href":"https:\/\/api.w.org\/{rel}","templated":true}]}}