{"id":202,"date":"2021-01-05T05:53:31","date_gmt":"2021-01-05T05:53:31","guid":{"rendered":"https:\/\/cafecreativ.ch\/?post_type=product&#038;p=202"},"modified":"2025-11-13T15:20:02","modified_gmt":"2025-11-13T15:20:02","slug":"serviettenkleber-glaenzend","status":"publish","type":"product","link":"https:\/\/cafecreativ.ch\/?product=serviettenkleber-glaenzend","title":{"rendered":"Serviettenkleber gl\u00e4nzend"},"content":{"rendered":"<p>Vernis Colle von Cl\u00e9op\u00e2tre<\/p>\n<p>Die cremige Rezeptur verhindert das einreissen von Servietten und<br \/>\nist somit auch sehr gut f\u00fcrs arbeiten mit feinstem Dekorpapier geeignet.<br \/>\nVernisse Colle von Cl\u00e9op\u00e2tre ist nicht nur sehr angenehm zu verarbeiten, der Serviettenkleber verbreiten auch den klassischen Mandelduft von Cl\u00e9op\u00e2tre!<br \/>\nDer Serviettenkleber verleiht den Farben des Papiers Leuchtkraft, Brillianz und ein sch\u00f6nes Aussehen.<br \/>\nAusserdem ist es\u00a0ein guter Schutzlack.<\/p>\n<p>&nbsp;<\/p>\n<p>Anwendung:<br \/>\nEine erste Schicht Vernis Colle auf den Untergrund auftragen.<br \/>\n1 Minute trocknen lassen.<br \/>\nPapier auflegen und je nach erw\u00fcnschtem Ergebnis eine oder mehrere weitere Schichten des Klebstofflacks auftragen.<\/p>\n<p>Haftet auf allen por\u00f6sen Untergr\u00fcnden.<br \/>\nWasserabweisend und Best\u00e4ndig gegen Kratzer.<br \/>\nVollst\u00e4ndige Trocknung: 12 h.<\/p>\n<p>100% L\u00f6semittelfrei<br \/>\n100% S\u00e4urefrei<br \/>\nFormaldehydfrei<br \/>\nAuf Wasserbasis<br \/>\nDIN EN 71-3 Standard<br \/>\nWerkzeuge mit Seifenwasser reinigen.<br \/>\nHergestellt in Frankreich<\/p>\n","protected":false},"excerpt":{"rendered":"<p>Serviettenkleber 100g<\/p>\n","protected":false},"featured_media":1129,"template":"","meta":[],"product_brand":[],"product_cat":[163,151,152],"product_tag":[162,161,156,154,155,159,158,160,153,157],"class_list":{"0":"post-202","1":"product","2":"type-product","3":"status-publish","4":"has-post-thumbnail","6":"product_cat-bastelleim","7":"product_cat-serviettenkleber","8":"product_cat-serviettenkleber-serviettentechnik","9":"product_tag-basteln","10":"product_tag-cleopatre","11":"product_tag-kleber","12":"product_tag-lack","13":"product_tag-leim","14":"product_tag-serviettenkleber","15":"product_tag-serviettenlack","16":"product_tag-serviettenleim","17":"product_tag-serviettentechnik","18":"product_tag-vernis-colle","19":"product_shipping_class-pauschal","21":"first","22":"instock","23":"shipping-taxable","24":"purchasable","25":"product-type-simple"},"_links":{"self":[{"href":"https:\/\/cafecreativ.ch\/index.php?rest_route=\/wp\/v2\/product\/202","targetHints":{"allow":["GET"]}}],"collection":[{"href":"https:\/\/cafecreativ.ch\/index.php?rest_route=\/wp\/v2\/product"}],"about":[{"href":"https:\/\/cafecreativ.ch\/index.php?rest_route=\/wp\/v2\/types\/product"}],"wp:featuredmedia":[{"embeddable":true,"href":"https:\/\/cafecreativ.ch\/index.php?rest_route=\/wp\/v2\/media\/1129"}],"wp:attachment":[{"href":"https:\/\/cafecreativ.ch\/index.php?rest_route=%2Fwp%2Fv2%2Fmedia&parent=202"}],"wp:term":[{"taxonomy":"product_brand","embeddable":true,"href":"https:\/\/cafecreativ.ch\/index.php?rest_route=%2Fwp%2Fv2%2Fproduct_brand&post=202"},{"taxonomy":"product_cat","embeddable":true,"href":"https:\/\/cafecreativ.ch\/index.php?rest_route=%2Fwp%2Fv2%2Fproduct_cat&post=202"},{"taxonomy":"product_tag","embeddable":true,"href":"https:\/\/cafecreativ.ch\/index.php?rest_route=%2Fwp%2Fv2%2Fproduct_tag&post=202"}],"curies":[{"name":"wp","href":"https:\/\/api.w.org\/{rel}","templated":true}]}}