{"id":200,"date":"2025-11-21T13:50:32","date_gmt":"2025-11-21T13:50:32","guid":{"rendered":"https:\/\/cafecreativ.ch\/?post_type=product&#038;p=200"},"modified":"2025-11-21T13:50:32","modified_gmt":"2025-11-21T13:50:32","slug":"gouache-10x10ml","status":"publish","type":"product","link":"https:\/\/cafecreativ.ch\/?product=gouache-10x10ml","title":{"rendered":"Gouache 10x10ml"},"content":{"rendered":"<p>N\u00e9fertari Gouache von Cl\u00e9op\u00e2tre<\/p>\n<p>Sehr dickfl\u00fcssige, pastenf\u00f6rmige<br \/>\nGouache mit exzellenter Deckkraft.<\/p>\n","protected":false},"excerpt":{"rendered":"<p>10x10ml &#8211; Tuben im Set<\/p>\n","protected":false},"featured_media":3837,"template":"","meta":[],"product_brand":[],"product_cat":[150],"product_tag":[148,146,147,134,149],"class_list":{"0":"post-200","1":"product","2":"type-product","3":"status-publish","4":"has-post-thumbnail","6":"product_cat-gouache","7":"product_tag-bastelset","8":"product_tag-farbe","9":"product_tag-gouache","10":"product_tag-malen","11":"product_tag-mitbringsel","12":"product_shipping_class-pauschal","14":"first","15":"instock","16":"shipping-taxable","17":"purchasable","18":"product-type-simple"},"_links":{"self":[{"href":"https:\/\/cafecreativ.ch\/index.php?rest_route=\/wp\/v2\/product\/200","targetHints":{"allow":["GET"]}}],"collection":[{"href":"https:\/\/cafecreativ.ch\/index.php?rest_route=\/wp\/v2\/product"}],"about":[{"href":"https:\/\/cafecreativ.ch\/index.php?rest_route=\/wp\/v2\/types\/product"}],"wp:featuredmedia":[{"embeddable":true,"href":"https:\/\/cafecreativ.ch\/index.php?rest_route=\/wp\/v2\/media\/3837"}],"wp:attachment":[{"href":"https:\/\/cafecreativ.ch\/index.php?rest_route=%2Fwp%2Fv2%2Fmedia&parent=200"}],"wp:term":[{"taxonomy":"product_brand","embeddable":true,"href":"https:\/\/cafecreativ.ch\/index.php?rest_route=%2Fwp%2Fv2%2Fproduct_brand&post=200"},{"taxonomy":"product_cat","embeddable":true,"href":"https:\/\/cafecreativ.ch\/index.php?rest_route=%2Fwp%2Fv2%2Fproduct_cat&post=200"},{"taxonomy":"product_tag","embeddable":true,"href":"https:\/\/cafecreativ.ch\/index.php?rest_route=%2Fwp%2Fv2%2Fproduct_tag&post=200"}],"curies":[{"name":"wp","href":"https:\/\/api.w.org\/{rel}","templated":true}]}}