{"id":1995,"date":"2021-02-07T21:20:54","date_gmt":"2021-02-07T21:20:54","guid":{"rendered":"https:\/\/cafecreativ.ch\/?post_type=product&#038;p=1995"},"modified":"2025-11-10T05:30:44","modified_gmt":"2025-11-10T05:30:44","slug":"stuetzrahmen-fuer-seifengiessformen","status":"publish","type":"product","link":"https:\/\/cafecreativ.ch\/?product=stuetzrahmen-fuer-seifengiessformen","title":{"rendered":"St\u00fctzrahmen f\u00fcr Seifengiessformen"},"content":{"rendered":"<p>F\u00fcr sicheres arbeiten.<\/p>\n","protected":false},"excerpt":{"rendered":"<p>St\u00fctzrahmen<br \/>\n1 St\u00fcck<\/p>\n","protected":false},"featured_media":1997,"template":"","meta":[],"product_brand":[],"product_cat":[718],"product_tag":[133,330,681,695,335,125],"class_list":{"0":"post-1995","1":"product","2":"type-product","3":"status-publish","4":"has-post-thumbnail","6":"product_cat-seifengiessformen","7":"product_tag-diy","8":"product_tag-seife","9":"product_tag-seifengiessformen","10":"product_tag-seifenmotive","11":"product_tag-seifesieden","12":"product_tag-werkzeug","13":"product_shipping_class-pauschal","15":"first","16":"instock","17":"shipping-taxable","18":"purchasable","19":"product-type-simple"},"_links":{"self":[{"href":"https:\/\/cafecreativ.ch\/index.php?rest_route=\/wp\/v2\/product\/1995","targetHints":{"allow":["GET"]}}],"collection":[{"href":"https:\/\/cafecreativ.ch\/index.php?rest_route=\/wp\/v2\/product"}],"about":[{"href":"https:\/\/cafecreativ.ch\/index.php?rest_route=\/wp\/v2\/types\/product"}],"wp:featuredmedia":[{"embeddable":true,"href":"https:\/\/cafecreativ.ch\/index.php?rest_route=\/wp\/v2\/media\/1997"}],"wp:attachment":[{"href":"https:\/\/cafecreativ.ch\/index.php?rest_route=%2Fwp%2Fv2%2Fmedia&parent=1995"}],"wp:term":[{"taxonomy":"product_brand","embeddable":true,"href":"https:\/\/cafecreativ.ch\/index.php?rest_route=%2Fwp%2Fv2%2Fproduct_brand&post=1995"},{"taxonomy":"product_cat","embeddable":true,"href":"https:\/\/cafecreativ.ch\/index.php?rest_route=%2Fwp%2Fv2%2Fproduct_cat&post=1995"},{"taxonomy":"product_tag","embeddable":true,"href":"https:\/\/cafecreativ.ch\/index.php?rest_route=%2Fwp%2Fv2%2Fproduct_tag&post=1995"}],"curies":[{"name":"wp","href":"https:\/\/api.w.org\/{rel}","templated":true}]}}