{"id":1606,"date":"2021-01-26T19:46:27","date_gmt":"2021-01-26T19:46:27","guid":{"rendered":"https:\/\/cafecreativ.ch\/?post_type=product&#038;p=1606"},"modified":"2025-11-09T13:16:18","modified_gmt":"2025-11-09T13:16:18","slug":"izink-dye-encre","status":"publish","type":"product","link":"https:\/\/cafecreativ.ch\/?product=izink-dye-encre","title":{"rendered":"IZINK Dye Encre"},"content":{"rendered":"<p>IZINK Dye sind die Refiller f\u00fcr die IZINK Dye Stempelkissen.<br \/>\nSie haben jedoch einen Spr\u00fchkopf, man kann sie also enorm gut f\u00fcr alles benutzen, was eine enorme Farbintensit\u00e4t ben\u00f6tigt.<br \/>\nPur oder verd\u00fcnnt &#8211; wie es Dir gef\u00e4llt!<\/p>\n","protected":false},"excerpt":{"rendered":"<p>IZINK Dye<br \/>\n15ml<\/p>\n","protected":false},"featured_media":1577,"template":"","meta":[],"product_brand":[],"product_cat":[620],"product_tag":[493,623,596,612,407,186,624,167,625,481],"class_list":{"0":"post-1606","1":"product","2":"type-product","3":"status-publish","4":"has-post-thumbnail","6":"product_cat-izink-dye-ink","7":"product_tag-altered-art","8":"product_tag-dye","9":"product_tag-dyeink","10":"product_tag-izink","11":"product_tag-lila","12":"product_tag-mixed-media","13":"product_tag-refiller","14":"product_tag-scrapbooking","15":"product_tag-tinte","16":"product_tag-violett","17":"product_shipping_class-pauschal","19":"first","20":"instock","21":"shipping-taxable","22":"purchasable","23":"product-type-simple"},"_links":{"self":[{"href":"https:\/\/cafecreativ.ch\/index.php?rest_route=\/wp\/v2\/product\/1606","targetHints":{"allow":["GET"]}}],"collection":[{"href":"https:\/\/cafecreativ.ch\/index.php?rest_route=\/wp\/v2\/product"}],"about":[{"href":"https:\/\/cafecreativ.ch\/index.php?rest_route=\/wp\/v2\/types\/product"}],"wp:featuredmedia":[{"embeddable":true,"href":"https:\/\/cafecreativ.ch\/index.php?rest_route=\/wp\/v2\/media\/1577"}],"wp:attachment":[{"href":"https:\/\/cafecreativ.ch\/index.php?rest_route=%2Fwp%2Fv2%2Fmedia&parent=1606"}],"wp:term":[{"taxonomy":"product_brand","embeddable":true,"href":"https:\/\/cafecreativ.ch\/index.php?rest_route=%2Fwp%2Fv2%2Fproduct_brand&post=1606"},{"taxonomy":"product_cat","embeddable":true,"href":"https:\/\/cafecreativ.ch\/index.php?rest_route=%2Fwp%2Fv2%2Fproduct_cat&post=1606"},{"taxonomy":"product_tag","embeddable":true,"href":"https:\/\/cafecreativ.ch\/index.php?rest_route=%2Fwp%2Fv2%2Fproduct_tag&post=1606"}],"curies":[{"name":"wp","href":"https:\/\/api.w.org\/{rel}","templated":true}]}}