{"id":18,"date":"2020-12-28T10:59:40","date_gmt":"2020-12-28T10:59:40","guid":{"rendered":"https:\/\/cafecreativ.ch\/?page_id=18"},"modified":"2020-12-28T11:06:18","modified_gmt":"2020-12-28T11:06:18","slug":"datenschutz-und-cookies","status":"publish","type":"page","link":"https:\/\/cafecreativ.ch\/?page_id=18","title":{"rendered":"Datenschutz"},"content":{"rendered":"\r\n<p>Datenschutz und Cookies<\/p>\r\n<p>Die f\u00fcr unsere Gesch\u00e4ftst\u00e4tigkeit notwendigen Daten werden gespeichert und nur im Rahmen der Bestellabwicklung genutzt.<br \/>S\u00e4mtliche Daten werden selbstverst\u00e4ndlich vertraulich behandelt und gem\u00e4ss den geltenden Datenschutzvorschriften gehandhabt.<\/p>\r\n\r\n\r\n\r\n<p>&nbsp;<\/p>\r\n\r\n\r\n\r\n<p>Cookies:<\/p>\r\n\r\n\r\n\r\n<p>Wir setzen Cookies ein, die es uns erm\u00f6glichen, Ihren Einkauf so angenehm wie m\u00f6glich zu gestalten. In unseren Cookies werden keine personenbezogenen Daten gespeichert. Cookies sind Textdateien, die bei dem Besuch auf einer Internetseite auf dem Computer des Benutzers gespeichert werden.<\/p>\r\n\r\n\r\n\r\n<p>Google Analytics und andere Anwendungen zur Analyse<br \/>Diese Website kann Google Analytics, einen Webanalysedienst der Google Inc. (www.google.com) oder andere Anwendungen zur Analyse verwenden.<br \/>Wird im Folgenden von \u201egoogle\u201c gesprochen, so k\u00f6nnen auch alternative Programme verwendet und Unternehmen hinzugezogen werden. Google Analytics verwendet sogenannte Cookies, Textdateien, die auf Ihrem Computer gespeichert werden und die eine Analyse der Benutzung der Website durch Sie erm\u00f6glicht. Die durch den Cookie erzeugten Informationen \u00fcber Ihre Benutzung diese Website (einschlie\u00dflich Ihrer IP-Adresse), wird an einen Server von Google in den USA \u00fcbertragen und dort gespeichert. Google wird diese Informationen benutzen, um Ihre Nutzung der Website auszuwerten, um Reports \u00fcber die Websiteaktivit\u00e4ten f\u00fcr die Websitebetreiber zusammenzustellen und um weitere, mit der Websitenutzung und der Internetnutzung verbundene Dienstleistungen zu erbringen. Auch wird Google diese Informationen gegebenenfalls an Dritte \u00fcbertragen, sofern dies gesetzlich vorgeschrieben oder soweit Dritte diese Daten im Auftrag von Google verarbeiten. Sie k\u00f6nnen die Installation der Cookies durch eine entsprechende Einstellung Ihrer Browser Software verhindern; wir weisen Sie jedoch darauf hin, dass Sie in diesem Fall gegebenenfalls nicht s\u00e4mtliche Funktionen dieser Website vollumf\u00e4nglich nutzen k\u00f6nnen. Durch die Nutzung dieser Website erkl\u00e4ren Sie sich mit der Bearbeitung der \u00fcber Sie erhobenen Daten durch Google in der zuvor beschriebenen Art und Weise und zu dem zuvor benannten Zweck einverstanden.<\/p>\r\n","protected":false},"excerpt":{"rendered":"<p>Datenschutz und Cookies Die f\u00fcr unsere Gesch\u00e4ftst\u00e4tigkeit notwendigen Daten werden gespeichert und nur im Rahmen der Bestellabwicklung genutzt.S\u00e4mtliche Daten werden selbstverst\u00e4ndlich vertraulich behandelt und gem\u00e4ss den geltenden Datenschutzvorschriften gehandhabt. &nbsp; Cookies: Wir setzen Cookies ein, die es uns erm\u00f6glichen, Ihren Einkauf so angenehm wie m\u00f6glich zu gestalten. In unseren Cookies werden keine personenbezogenen Daten gespeichert. [&hellip;]<\/p>\n","protected":false},"author":2,"featured_media":0,"parent":0,"menu_order":0,"comment_status":"closed","ping_status":"closed","template":"","meta":{"footnotes":""},"class_list":["post-18","page","type-page","status-publish","hentry"],"_links":{"self":[{"href":"https:\/\/cafecreativ.ch\/index.php?rest_route=\/wp\/v2\/pages\/18","targetHints":{"allow":["GET"]}}],"collection":[{"href":"https:\/\/cafecreativ.ch\/index.php?rest_route=\/wp\/v2\/pages"}],"about":[{"href":"https:\/\/cafecreativ.ch\/index.php?rest_route=\/wp\/v2\/types\/page"}],"author":[{"embeddable":true,"href":"https:\/\/cafecreativ.ch\/index.php?rest_route=\/wp\/v2\/users\/2"}],"replies":[{"embeddable":true,"href":"https:\/\/cafecreativ.ch\/index.php?rest_route=%2Fwp%2Fv2%2Fcomments&post=18"}],"version-history":[{"count":3,"href":"https:\/\/cafecreativ.ch\/index.php?rest_route=\/wp\/v2\/pages\/18\/revisions"}],"predecessor-version":[{"id":23,"href":"https:\/\/cafecreativ.ch\/index.php?rest_route=\/wp\/v2\/pages\/18\/revisions\/23"}],"wp:attachment":[{"href":"https:\/\/cafecreativ.ch\/index.php?rest_route=%2Fwp%2Fv2%2Fmedia&parent=18"}],"curies":[{"name":"wp","href":"https:\/\/api.w.org\/{rel}","templated":true}]}}